{"id":1100,"date":"2023-06-26T16:13:57","date_gmt":"2023-06-26T14:13:57","guid":{"rendered":"https:\/\/praxis-equilibrium.de\/?page_id=1100"},"modified":"2026-03-19T16:22:54","modified_gmt":"2026-03-19T15:22:54","slug":"allgemeines","status":"publish","type":"page","link":"https:\/\/praxis-proportional.de\/allgemeines\/","title":{"rendered":"Allgemeines"},"content":{"rendered":"\t\t<div data-elementor-type=\"wp-page\" data-elementor-id=\"1100\" class=\"elementor elementor-1100\" data-elementor-post-type=\"page\">\n\t\t\t\t\t\t<section class=\"elementor-section elementor-top-section elementor-element elementor-element-2fbde53 elementor-section-boxed elementor-section-height-default elementor-section-height-default\" data-id=\"2fbde53\" data-element_type=\"section\" data-e-type=\"section\">\n\t\t\t\t\t\t<div class=\"elementor-container elementor-column-gap-default\">\n\t\t\t\t\t<div class=\"elementor-column elementor-col-100 elementor-top-column elementor-element elementor-element-936b42e\" data-id=\"936b42e\" data-element_type=\"column\" data-e-type=\"column\">\n\t\t\t<div class=\"elementor-widget-wrap elementor-element-populated\">\n\t\t\t\t\t\t<div class=\"elementor-element elementor-element-804cb60 elementor-widget elementor-widget-heading\" data-id=\"804cb60\" data-element_type=\"widget\" data-e-type=\"widget\" data-widget_type=\"heading.default\">\n\t\t\t\t<div class=\"elementor-widget-container\">\n\t\t\t\t\t<h1 class=\"elementor-heading-title elementor-size-default\">Allgemeines zu Terminen und Preisen<\/h1>\t\t\t\t<\/div>\n\t\t\t\t<\/div>\n\t\t\t\t\t<\/div>\n\t\t<\/div>\n\t\t\t\t\t<\/div>\n\t\t<\/section>\n\t\t\t\t<section class=\"elementor-section elementor-top-section elementor-element elementor-element-773fb9d elementor-section-content-top elementor-reverse-mobile elementor-section-boxed elementor-section-height-default elementor-section-height-default\" data-id=\"773fb9d\" data-element_type=\"section\" data-e-type=\"section\">\n\t\t\t\t\t\t<div class=\"elementor-container elementor-column-gap-default\">\n\t\t\t\t\t<div class=\"elementor-column elementor-col-50 elementor-top-column elementor-element elementor-element-e067252\" data-id=\"e067252\" data-element_type=\"column\" data-e-type=\"column\">\n\t\t\t<div class=\"elementor-widget-wrap elementor-element-populated\">\n\t\t\t\t\t\t<div class=\"elementor-element elementor-element-62e9d1c elementor-widget__width-initial elementor-widget elementor-widget-text-editor\" data-id=\"62e9d1c\" data-element_type=\"widget\" data-e-type=\"widget\" data-widget_type=\"text-editor.default\">\n\t\t\t\t<div class=\"elementor-widget-container\">\n\t\t\t\t\t\t\t\t\t<p>Auf der Seite <span style=\"color: #0000ff;\"><a style=\"color: #0000ff;\" href=\"https:\/\/praxis-proportional.de\/termine-preise\/\">Terminbuchung<\/a><\/span> sind die verschiedenen Sitzungen und deren Inhalt und Kosten aufgef\u00fchrt. Sie haben dort die M\u00f6glichkeit, meine freien Slots zu sehen und direkt auch eine verbindliche Buchung durchzuf\u00fchren.\u00a0<\/p><p>Die vereinbarten Termine k\u00f6nnen mit einer Frist von 48h kostenfrei abgesagt oder verschoben werden. Erfolgt dieses nicht, so wird das Honorar der Sitzung f\u00e4llig.<\/p><p>Die Bezahlung des Honorars erfolgt entweder bei der Buchung oder am Ende der Sitzung per EC-Karte \/ Kreditkarte, PayPal oder in bar.<\/p><p>Die Behandlungskosten sind privat zu bezahlen und werden in der Regel nicht von den gesetzlichen Krankenkassen \u00fcbernommen.\u00a0\u00a0\u00a0\u00a0<\/p><p>Bei den privaten Krankenkassen sind die Regelungen sehr unterschiedlich. Bitte fragen Sie bei Ihrer Krankenkasse nach, welche Geb\u00fchrenziffern zu welchen S\u00e4tzen \u00fcbernommen werden. So ist es m\u00f6glich, dass Sie einen Teil der Behandlungskosten erstattet bekommen.<\/p><p>Wenn nichts anderes vereinbart wurde, findet die Therapiesitzung in der Praxis Proportional, Gronauer Str. 27, 60385 Frankfurt\/M statt.<\/p><p>Ausdr\u00fccklich m\u00f6chte ich darauf hinweisen, dass ich als Heilpraktiker keine Heilversprechen geben darf. Der Besuch in meiner Praxis kann keinesfalls eine Behandlung bei einem Arzt ersetzen.\u00a0<\/p>\t\t\t\t\t\t\t\t<\/div>\n\t\t\t\t<\/div>\n\t\t\t\t\t<\/div>\n\t\t<\/div>\n\t\t\t\t<div class=\"elementor-column elementor-col-50 elementor-top-column elementor-element elementor-element-5cd53c0\" data-id=\"5cd53c0\" data-element_type=\"column\" data-e-type=\"column\">\n\t\t\t<div class=\"elementor-widget-wrap elementor-element-populated\">\n\t\t\t\t\t\t<div class=\"elementor-element elementor-element-d5a3cbb elementor-widget elementor-widget-image\" data-id=\"d5a3cbb\" data-element_type=\"widget\" data-e-type=\"widget\" data-widget_type=\"image.default\">\n\t\t\t\t<div class=\"elementor-widget-container\">\n\t\t\t\t\t\t\t\t\t\t\t\t\t\t\t<img fetchpriority=\"high\" decoding=\"async\" width=\"300\" height=\"200\" src=\"https:\/\/praxis-proportional.de\/wp-content\/uploads\/2023\/07\/Bezahlung-300x200.jpg\" class=\"attachment-medium size-medium wp-image-2966\" alt=\"Zeichnung wie Geld von einer Hand zu einer anderen wechselt\" srcset=\"https:\/\/praxis-proportional.de\/wp-content\/uploads\/2023\/07\/Bezahlung-300x200.jpg 300w, https:\/\/praxis-proportional.de\/wp-content\/uploads\/2023\/07\/Bezahlung-1024x682.jpg 1024w, https:\/\/praxis-proportional.de\/wp-content\/uploads\/2023\/07\/Bezahlung-768x512.jpg 768w, https:\/\/praxis-proportional.de\/wp-content\/uploads\/2023\/07\/Bezahlung.jpg 1280w\" sizes=\"(max-width: 300px) 100vw, 300px\" \/>\t\t\t\t\t\t\t\t\t\t\t\t\t\t\t<\/div>\n\t\t\t\t<\/div>\n\t\t\t\t\t<\/div>\n\t\t<\/div>\n\t\t\t\t\t<\/div>\n\t\t<\/section>\n\t\t\t\t<section class=\"elementor-section elementor-top-section elementor-element elementor-element-d869f18 elementor-section-boxed elementor-section-height-default elementor-section-height-default\" data-id=\"d869f18\" data-element_type=\"section\" data-e-type=\"section\">\n\t\t\t\t\t\t<div class=\"elementor-container elementor-column-gap-default\">\n\t\t\t\t\t<div class=\"elementor-column elementor-col-100 elementor-top-column elementor-element elementor-element-de72810\" data-id=\"de72810\" data-element_type=\"column\" data-e-type=\"column\">\n\t\t\t<div class=\"elementor-widget-wrap elementor-element-populated\">\n\t\t\t\t\t\t<div class=\"elementor-element elementor-element-5e95e98 elementor-hidden-mobile elementor-widget-divider--view-line elementor-widget elementor-widget-global elementor-global-2185 elementor-widget-divider\" data-id=\"5e95e98\" data-element_type=\"widget\" data-e-type=\"widget\" data-widget_type=\"divider.default\">\n\t\t\t\t<div class=\"elementor-widget-container\">\n\t\t\t\t\t\t\t<div class=\"elementor-divider\">\n\t\t\t<span class=\"elementor-divider-separator\">\n\t\t\t\t\t\t<\/span>\n\t\t<\/div>\n\t\t\t\t\t\t<\/div>\n\t\t\t\t<\/div>\n\t\t\t\t\t<\/div>\n\t\t<\/div>\n\t\t\t\t\t<\/div>\n\t\t<\/section>\n\t\t\t\t<section class=\"elementor-section elementor-top-section elementor-element elementor-element-ecf9c79 elementor-section-boxed elementor-section-height-default elementor-section-height-default\" data-id=\"ecf9c79\" data-element_type=\"section\" data-e-type=\"section\">\n\t\t\t\t\t\t<div class=\"elementor-container elementor-column-gap-default\">\n\t\t\t\t\t<div class=\"elementor-column elementor-col-100 elementor-top-column elementor-element elementor-element-8cb5686\" data-id=\"8cb5686\" data-element_type=\"column\" data-e-type=\"column\">\n\t\t\t<div class=\"elementor-widget-wrap elementor-element-populated\">\n\t\t\t\t\t\t<div class=\"elementor-element elementor-element-96979e0 elementor-widget elementor-widget-heading\" data-id=\"96979e0\" data-element_type=\"widget\" data-e-type=\"widget\" data-widget_type=\"heading.default\">\n\t\t\t\t<div class=\"elementor-widget-container\">\n\t\t\t\t\t<h2 class=\"elementor-heading-title elementor-size-default\">Video-Sprechstunde<\/h2>\t\t\t\t<\/div>\n\t\t\t\t<\/div>\n\t\t\t\t\t<\/div>\n\t\t<\/div>\n\t\t\t\t\t<\/div>\n\t\t<\/section>\n\t\t\t\t<section class=\"elementor-section elementor-top-section elementor-element elementor-element-e75871e elementor-section-boxed elementor-section-height-default elementor-section-height-default\" data-id=\"e75871e\" data-element_type=\"section\" data-e-type=\"section\">\n\t\t\t\t\t\t<div class=\"elementor-container elementor-column-gap-default\">\n\t\t\t\t\t<div class=\"elementor-column elementor-col-50 elementor-top-column elementor-element elementor-element-fad9628\" data-id=\"fad9628\" data-element_type=\"column\" data-e-type=\"column\">\n\t\t\t<div class=\"elementor-widget-wrap elementor-element-populated\">\n\t\t\t\t\t\t<div class=\"elementor-element elementor-element-e23cce3 elementor-widget elementor-widget-image\" data-id=\"e23cce3\" data-element_type=\"widget\" data-e-type=\"widget\" data-widget_type=\"image.default\">\n\t\t\t\t<div class=\"elementor-widget-container\">\n\t\t\t\t\t\t\t\t\t\t\t\t\t\t\t<img decoding=\"async\" width=\"300\" height=\"193\" src=\"https:\/\/praxis-proportional.de\/wp-content\/uploads\/2023\/07\/Videotherapie-300x193.jpg\" class=\"attachment-medium size-medium wp-image-3170\" alt=\"Frau liegt entspannt auf dem Sofa mit Kopfh\u00f6rern, davor steht ein Laptop\" srcset=\"https:\/\/praxis-proportional.de\/wp-content\/uploads\/2023\/07\/Videotherapie-300x193.jpg 300w, https:\/\/praxis-proportional.de\/wp-content\/uploads\/2023\/07\/Videotherapie.jpg 640w\" sizes=\"(max-width: 300px) 100vw, 300px\" \/>\t\t\t\t\t\t\t\t\t\t\t\t\t\t\t<\/div>\n\t\t\t\t<\/div>\n\t\t\t\t\t<\/div>\n\t\t<\/div>\n\t\t\t\t<div class=\"elementor-column elementor-col-50 elementor-top-column elementor-element elementor-element-46b8d3e\" data-id=\"46b8d3e\" data-element_type=\"column\" data-e-type=\"column\">\n\t\t\t<div class=\"elementor-widget-wrap elementor-element-populated\">\n\t\t\t\t\t\t<div class=\"elementor-element elementor-element-013cca9 elementor-widget elementor-widget-text-editor\" data-id=\"013cca9\" data-element_type=\"widget\" data-e-type=\"widget\" data-widget_type=\"text-editor.default\">\n\t\t\t\t<div class=\"elementor-widget-container\">\n\t\t\t\t\t\t\t\t\t<p>Insbesondere f\u00fcr Personen, die eine weitere Anreise zur Praxis haben, k\u00f6nnen Video-Sprechstunden attraktiv sein. Auch bei der Hypnose ist es m\u00f6glich, eine virtuelle Sitzung durchzuf\u00fchren. Das Ergebnis unterscheidet sich nicht von einer Hypnosesitzung vor Ort. Meine Empfehlung ist, die erste Sitzung egal mit welcher Therapieform, vor Ort durchzuf\u00fchren. Wenn man sich dann bereits kennengelernt hat, k\u00f6nnen weitere Sitzungen problemlos auch virtuell per Video-Sprechstunde abgehalten werden.<\/p>\t\t\t\t\t\t\t\t<\/div>\n\t\t\t\t<\/div>\n\t\t\t\t\t<\/div>\n\t\t<\/div>\n\t\t\t\t\t<\/div>\n\t\t<\/section>\n\t\t\t\t<section class=\"elementor-section elementor-top-section elementor-element elementor-element-0004f55 elementor-section-boxed elementor-section-height-default elementor-section-height-default\" data-id=\"0004f55\" data-element_type=\"section\" data-e-type=\"section\">\n\t\t\t\t\t\t<div class=\"elementor-container elementor-column-gap-default\">\n\t\t\t\t\t<div class=\"elementor-column elementor-col-100 elementor-top-column elementor-element elementor-element-091aaf3\" data-id=\"091aaf3\" data-element_type=\"column\" data-e-type=\"column\">\n\t\t\t<div class=\"elementor-widget-wrap elementor-element-populated\">\n\t\t\t\t\t\t<div class=\"elementor-element elementor-element-c619daf elementor-hidden-mobile elementor-widget-divider--view-line elementor-widget elementor-widget-global elementor-global-2185 elementor-widget-divider\" data-id=\"c619daf\" data-element_type=\"widget\" data-e-type=\"widget\" data-widget_type=\"divider.default\">\n\t\t\t\t<div class=\"elementor-widget-container\">\n\t\t\t\t\t\t\t<div class=\"elementor-divider\">\n\t\t\t<span class=\"elementor-divider-separator\">\n\t\t\t\t\t\t<\/span>\n\t\t<\/div>\n\t\t\t\t\t\t<\/div>\n\t\t\t\t<\/div>\n\t\t\t\t\t<\/div>\n\t\t<\/div>\n\t\t\t\t\t<\/div>\n\t\t<\/section>\n\t\t\t\t<section class=\"elementor-section elementor-top-section elementor-element elementor-element-08ba29b elementor-section-boxed elementor-section-height-default elementor-section-height-default\" data-id=\"08ba29b\" data-element_type=\"section\" data-e-type=\"section\">\n\t\t\t\t\t\t<div class=\"elementor-container elementor-column-gap-default\">\n\t\t\t\t\t<div class=\"elementor-column elementor-col-100 elementor-top-column elementor-element elementor-element-1dafec2\" data-id=\"1dafec2\" data-element_type=\"column\" data-e-type=\"column\">\n\t\t\t<div class=\"elementor-widget-wrap elementor-element-populated\">\n\t\t\t\t\t\t<div class=\"elementor-element elementor-element-6901745 elementor-widget elementor-widget-heading\" data-id=\"6901745\" data-element_type=\"widget\" data-e-type=\"widget\" data-widget_type=\"heading.default\">\n\t\t\t\t<div class=\"elementor-widget-container\">\n\t\t\t\t\t<h2 class=\"elementor-heading-title elementor-size-default\">Ein Wort zu den Hypnose-Kosten<\/h2>\t\t\t\t<\/div>\n\t\t\t\t<\/div>\n\t\t\t\t\t<\/div>\n\t\t<\/div>\n\t\t\t\t\t<\/div>\n\t\t<\/section>\n\t\t\t\t<section class=\"elementor-section elementor-top-section elementor-element elementor-element-6ecf8fc elementor-reverse-mobile elementor-section-boxed elementor-section-height-default elementor-section-height-default\" data-id=\"6ecf8fc\" data-element_type=\"section\" data-e-type=\"section\">\n\t\t\t\t\t\t<div class=\"elementor-container elementor-column-gap-default\">\n\t\t\t\t\t<div class=\"elementor-column elementor-col-50 elementor-top-column elementor-element elementor-element-e066c33\" data-id=\"e066c33\" data-element_type=\"column\" data-e-type=\"column\">\n\t\t\t<div class=\"elementor-widget-wrap elementor-element-populated\">\n\t\t\t\t\t\t<div class=\"elementor-element elementor-element-6eabe91 elementor-widget elementor-widget-text-editor\" data-id=\"6eabe91\" data-element_type=\"widget\" data-e-type=\"widget\" data-widget_type=\"text-editor.default\">\n\t\t\t\t<div class=\"elementor-widget-container\">\n\t\t\t\t\t\t\t\t\t<p>Im Vergleich zu meinen Kollegen k\u00f6nnte es sein, dass meine Honorare als h\u00f6her erscheinen.<\/p><p>Ich bin ein Freund von Effizienz. Meine Sitzungen in meiner Praxis f\u00fcr <a href=\"https:\/\/praxis-proportional.de\/hypnose-frankfurt\/\">Hypnose in Frankfurt<\/a> sind nur in absoluten Ausnahmef\u00e4llen reine Wohlf\u00fchlsitzungen, normalerweise ist es konzentrierte Arbeit von Ihnen und mir zusammen um Ver\u00e4nderungen zu erreichen. Wir suchen gemeinsam nach der Ursache des Problems und versuchen es gemeinsam aufzul\u00f6sen. Deshalb halte ich auch keine Sitzungen im Stundentakt ab, sondern lasse immer gen\u00fcgend Raum f\u00fcr den Ver\u00e4nderungsprozess. Ich bereite mich intensiv auf unsere Sitzung vor und werde innerhalb der Sitzung ausschlie\u00dflich an Ihrem Thema arbeiten.<\/p><p>\u00a0<\/p><p>Mein klares Ziel ist es, bereits nach 3-4 Sitzungen eine sp\u00fcrbare Verbesserung des Problems herbeizuf\u00fchren. Deshalb arbeite ich im Rahmen der Hypnose mit der sog. <a href=\"https:\/\/praxis-proportional.de\/hypnoanalyse\" target=\"_blank\" rel=\"noopener\"><span style=\"color: #0000ff;\">Hypnoanalyse<\/span> <\/a>\/ aufdeckenden Hypnose und auch mit der Hypnose nach dem <span style=\"color: #0000ff;\"><a style=\"color: #0000ff;\" href=\"https:\/\/praxis-proportional.de\/simpson-protocol\" target=\"_blank\" rel=\"noopener\">Simpson Protokoll<\/a>.<\/span> Demgegen\u00fcber ist die Suggestionshypnose eine zudeckende Hypnose, die auf rein tempor\u00e4re Verbesserung abzielt und die dadurch allerdings auch sehr viel mehr Sitzungen ben\u00f6tigt.<\/p><p>Deshalb biete ich auch keine Bonus-Programme von 8 oder 10 oder sogar 12 Hypnosesitzungen an. Kalkulieren Sie selbst, 3-4 Sitzungen zu meinen Konditionen oder 10-12 Sitzungen zu vielleicht etwas anderen Konditionen?<\/p>\t\t\t\t\t\t\t\t<\/div>\n\t\t\t\t<\/div>\n\t\t\t\t\t<\/div>\n\t\t<\/div>\n\t\t\t\t<div class=\"elementor-column elementor-col-50 elementor-top-column elementor-element elementor-element-e5914fb\" data-id=\"e5914fb\" data-element_type=\"column\" data-e-type=\"column\">\n\t\t\t<div class=\"elementor-widget-wrap elementor-element-populated\">\n\t\t\t\t\t\t<div class=\"elementor-element elementor-element-b636140 elementor-widget elementor-widget-image\" data-id=\"b636140\" data-element_type=\"widget\" data-e-type=\"widget\" data-widget_type=\"image.default\">\n\t\t\t\t<div class=\"elementor-widget-container\">\n\t\t\t\t\t\t\t\t\t\t\t\t\t\t\t<img decoding=\"async\" width=\"300\" height=\"200\" src=\"https:\/\/praxis-proportional.de\/wp-content\/uploads\/2023\/07\/Hypnosekosten-300x200.jpeg\" class=\"attachment-medium size-medium wp-image-3015\" alt=\"Frau w\u00e4gt das Gewicht ab von einer Birne und einem Apfel. welche sie in jeweils einer Hand h\u00e4lt\" srcset=\"https:\/\/praxis-proportional.de\/wp-content\/uploads\/2023\/07\/Hypnosekosten-300x200.jpeg 300w, https:\/\/praxis-proportional.de\/wp-content\/uploads\/2023\/07\/Hypnosekosten-1024x682.jpeg 1024w, https:\/\/praxis-proportional.de\/wp-content\/uploads\/2023\/07\/Hypnosekosten-768x512.jpeg 768w, https:\/\/praxis-proportional.de\/wp-content\/uploads\/2023\/07\/Hypnosekosten.jpeg 1280w\" sizes=\"(max-width: 300px) 100vw, 300px\" \/>\t\t\t\t\t\t\t\t\t\t\t\t\t\t\t<\/div>\n\t\t\t\t<\/div>\n\t\t\t\t\t<\/div>\n\t\t<\/div>\n\t\t\t\t\t<\/div>\n\t\t<\/section>\n\t\t\t\t<section class=\"elementor-section elementor-top-section elementor-element elementor-element-820d6d4 elementor-section-boxed elementor-section-height-default elementor-section-height-default\" data-id=\"820d6d4\" data-element_type=\"section\" data-e-type=\"section\">\n\t\t\t\t\t\t<div class=\"elementor-container elementor-column-gap-default\">\n\t\t\t\t\t<div class=\"elementor-column elementor-col-100 elementor-top-column elementor-element elementor-element-bf500aa\" data-id=\"bf500aa\" data-element_type=\"column\" data-e-type=\"column\">\n\t\t\t<div class=\"elementor-widget-wrap elementor-element-populated\">\n\t\t\t\t\t\t<div class=\"elementor-element elementor-element-1e6e066 elementor-hidden-mobile elementor-widget-divider--view-line elementor-widget elementor-widget-global elementor-global-2185 elementor-widget-divider\" data-id=\"1e6e066\" data-element_type=\"widget\" data-e-type=\"widget\" data-widget_type=\"divider.default\">\n\t\t\t\t<div class=\"elementor-widget-container\">\n\t\t\t\t\t\t\t<div class=\"elementor-divider\">\n\t\t\t<span class=\"elementor-divider-separator\">\n\t\t\t\t\t\t<\/span>\n\t\t<\/div>\n\t\t\t\t\t\t<\/div>\n\t\t\t\t<\/div>\n\t\t\t\t\t<\/div>\n\t\t<\/div>\n\t\t\t\t\t<\/div>\n\t\t<\/section>\n\t\t\t\t<section class=\"elementor-section elementor-top-section elementor-element elementor-element-a5b6cac elementor-section-boxed elementor-section-height-default elementor-section-height-default\" data-id=\"a5b6cac\" data-element_type=\"section\" data-e-type=\"section\">\n\t\t\t\t\t\t<div class=\"elementor-container elementor-column-gap-default\">\n\t\t\t\t\t<div class=\"elementor-column elementor-col-100 elementor-top-column elementor-element elementor-element-edfc135\" data-id=\"edfc135\" data-element_type=\"column\" data-e-type=\"column\">\n\t\t\t<div class=\"elementor-widget-wrap elementor-element-populated\">\n\t\t\t\t\t\t<div class=\"elementor-element elementor-element-8a1c511 elementor-widget elementor-widget-text-editor\" data-id=\"8a1c511\" data-element_type=\"widget\" data-e-type=\"widget\" data-widget_type=\"text-editor.default\">\n\t\t\t\t<div class=\"elementor-widget-container\">\n\t\t\t\t\t\t\t\t\t<p>Dar\u00fcber hinaus gelten meine <a href=\"https:\/\/praxis-proportional.de\/agb\/\">Allgemeinen Gesch\u00e4ftsbedingungen<\/a><\/p>\t\t\t\t\t\t\t\t<\/div>\n\t\t\t\t<\/div>\n\t\t\t\t\t<\/div>\n\t\t<\/div>\n\t\t\t\t\t<\/div>\n\t\t<\/section>\n\t\t\t\t<\/div>\n\t\t","protected":false},"excerpt":{"rendered":"<p>Allgemeines zu Terminen und Preisen Auf der Seite Terminbuchung sind die verschiedenen Sitzungen und deren Inhalt und Kosten aufgef\u00fchrt. Sie haben dort die M\u00f6glichkeit, meine freien Slots zu sehen und direkt auch eine verbindliche Buchung durchzuf\u00fchren.\u00a0 Die vereinbarten Termine k\u00f6nnen mit einer Frist von 48h kostenfrei abgesagt oder verschoben werden. Erfolgt dieses nicht, so wird [&hellip;]<\/p>\n","protected":false},"author":1,"featured_media":0,"parent":0,"menu_order":0,"comment_status":"closed","ping_status":"closed","template":"","meta":{"footnotes":""},"class_list":["post-1100","page","type-page","status-publish","hentry"],"_links":{"self":[{"href":"https:\/\/praxis-proportional.de\/wp-json\/wp\/v2\/pages\/1100","targetHints":{"allow":["GET"]}}],"collection":[{"href":"https:\/\/praxis-proportional.de\/wp-json\/wp\/v2\/pages"}],"about":[{"href":"https:\/\/praxis-proportional.de\/wp-json\/wp\/v2\/types\/page"}],"author":[{"embeddable":true,"href":"https:\/\/praxis-proportional.de\/wp-json\/wp\/v2\/users\/1"}],"replies":[{"embeddable":true,"href":"https:\/\/praxis-proportional.de\/wp-json\/wp\/v2\/comments?post=1100"}],"version-history":[{"count":152,"href":"https:\/\/praxis-proportional.de\/wp-json\/wp\/v2\/pages\/1100\/revisions"}],"predecessor-version":[{"id":8524,"href":"https:\/\/praxis-proportional.de\/wp-json\/wp\/v2\/pages\/1100\/revisions\/8524"}],"wp:attachment":[{"href":"https:\/\/praxis-proportional.de\/wp-json\/wp\/v2\/media?parent=1100"}],"curies":[{"name":"wp","href":"https:\/\/api.w.org\/{rel}","templated":true}]}}