{"id":319,"date":"2023-05-06T10:52:41","date_gmt":"2023-05-06T08:52:41","guid":{"rendered":"https:\/\/praxis-equilibrium.de\/?page_id=319"},"modified":"2026-03-19T16:52:45","modified_gmt":"2026-03-19T15:52:45","slug":"hypnoanalyse","status":"publish","type":"page","link":"https:\/\/praxis-proportional.de\/hypnoanalyse\/","title":{"rendered":"Hypnoanalyse"},"content":{"rendered":"\t\t<div data-elementor-type=\"wp-page\" data-elementor-id=\"319\" class=\"elementor elementor-319\" data-elementor-post-type=\"page\">\n\t\t\t\t\t\t<section class=\"elementor-section elementor-top-section elementor-element elementor-element-11b93e7 elementor-section-boxed elementor-section-height-default elementor-section-height-default\" data-id=\"11b93e7\" data-element_type=\"section\" data-e-type=\"section\">\n\t\t\t\t\t\t<div class=\"elementor-container elementor-column-gap-default\">\n\t\t\t\t\t<div class=\"elementor-column elementor-col-100 elementor-top-column elementor-element elementor-element-903c6da\" data-id=\"903c6da\" data-element_type=\"column\" data-e-type=\"column\">\n\t\t\t<div class=\"elementor-widget-wrap elementor-element-populated\">\n\t\t\t\t\t\t<div class=\"elementor-element elementor-element-cd4db10 elementor-widget elementor-widget-heading\" data-id=\"cd4db10\" data-element_type=\"widget\" data-e-type=\"widget\" data-widget_type=\"heading.default\">\n\t\t\t\t<div class=\"elementor-widget-container\">\n\t\t\t\t\t<h1 class=\"elementor-heading-title elementor-size-default\">Was ist die Hypnoanalyse?<\/h1>\t\t\t\t<\/div>\n\t\t\t\t<\/div>\n\t\t\t\t\t<\/div>\n\t\t<\/div>\n\t\t\t\t\t<\/div>\n\t\t<\/section>\n\t\t\t\t<section class=\"elementor-section elementor-top-section elementor-element elementor-element-90971b3 elementor-section-content-middle elementor-section-boxed elementor-section-height-default elementor-section-height-default\" data-id=\"90971b3\" data-element_type=\"section\" data-e-type=\"section\">\n\t\t\t\t\t\t<div class=\"elementor-container elementor-column-gap-default\">\n\t\t\t\t\t<div class=\"elementor-column elementor-col-100 elementor-top-column elementor-element elementor-element-163c206\" data-id=\"163c206\" data-element_type=\"column\" data-e-type=\"column\">\n\t\t\t<div class=\"elementor-widget-wrap elementor-element-populated\">\n\t\t\t\t\t\t<div class=\"elementor-element elementor-element-6a9b3a3 elementor-widget elementor-widget-text-editor\" data-id=\"6a9b3a3\" data-element_type=\"widget\" data-e-type=\"widget\" data-widget_type=\"text-editor.default\">\n\t\t\t\t<div class=\"elementor-widget-container\">\n\t\t\t\t\t\t\t\t\t<p>In dieser Seite erl\u00e4utere ich Ihnen, was die Hypnoanalyse ist, wof\u00fcr sie eingesetzt wird und wie die Hypnoanalyse genau funktioniert.<\/p>\t\t\t\t\t\t\t\t<\/div>\n\t\t\t\t<\/div>\n\t\t\t\t<div class=\"elementor-element elementor-element-f68e42d elementor-hidden-mobile elementor-widget-divider--view-line elementor-widget elementor-widget-global elementor-global-2185 elementor-widget-divider\" data-id=\"f68e42d\" data-element_type=\"widget\" data-e-type=\"widget\" data-widget_type=\"divider.default\">\n\t\t\t\t<div class=\"elementor-widget-container\">\n\t\t\t\t\t\t\t<div class=\"elementor-divider\">\n\t\t\t<span class=\"elementor-divider-separator\">\n\t\t\t\t\t\t<\/span>\n\t\t<\/div>\n\t\t\t\t\t\t<\/div>\n\t\t\t\t<\/div>\n\t\t\t\t\t<\/div>\n\t\t<\/div>\n\t\t\t\t\t<\/div>\n\t\t<\/section>\n\t\t\t\t<section class=\"elementor-section elementor-top-section elementor-element elementor-element-23aa397 elementor-reverse-mobile elementor-section-boxed elementor-section-height-default elementor-section-height-default\" data-id=\"23aa397\" data-element_type=\"section\" data-e-type=\"section\">\n\t\t\t\t\t\t<div class=\"elementor-container elementor-column-gap-default\">\n\t\t\t\t\t<div class=\"elementor-column elementor-col-50 elementor-top-column elementor-element elementor-element-e7a4d60\" data-id=\"e7a4d60\" data-element_type=\"column\" data-e-type=\"column\">\n\t\t\t<div class=\"elementor-widget-wrap elementor-element-populated\">\n\t\t\t\t\t\t<div class=\"elementor-element elementor-element-c7dc90a elementor-widget elementor-widget-text-editor\" data-id=\"c7dc90a\" data-element_type=\"widget\" data-e-type=\"widget\" data-widget_type=\"text-editor.default\">\n\t\t\t\t<div class=\"elementor-widget-container\">\n\t\t\t\t\t\t\t\t\t<p>Hypnoanalyse, die auch Regression genannt wird, ist eine ursachenorientierte Form der Hypnosetherapie, die auch im Rahmen der <a href=\"https:\/\/praxis-proportional.de\/hypnose-frankfurt\/\"><strong data-start=\"496\" data-end=\"520\">Hypnose in Frankfurt<\/strong> <\/a>eingesetzt wird, um die Ursachen eines psychischen Problems zu identifizieren und zu behandeln, indem sie das Unterbewusstsein des Patienten nutzt.<\/p><p>Die Hypnoanalyse basiert auf der Annahme, dass viele psychische Probleme durch ungel\u00f6ste Konflikte oder traumatische Erfahrungen aus der Vergangenheit verursacht werden, die im Unterbewusstsein des Patienten gespeichert sind und sein Verhalten, seine Emotionen und seine Gedanken beeinflussen.\u00a0<\/p><p>W\u00e4hrend der Hypnoanalyse f\u00fchre ich Sie in einen tiefen hypnotischen Zustand, um das Unterbewusstsein zu \u00f6ffnen und auf die zugrunde liegenden Konflikte oder traumatischen Erfahrungen zuzugreifen. Ich werde dann Techniken nutzen wie freie Assoziation und Regression, um Sie dabei zu unterst\u00fctzen, Ihre Erinnerungen und Emotionen zu erkunden und zu bearbeiten.<\/p><p>\u00a0<\/p><p>Die Regressionstherapie zielt darauf ab, diese ungel\u00f6sten Konflikte oder traumatischen Erfahrungen durch das Erkunden und Verarbeiten von vergangenen Ereignissen aufzudecken, zu l\u00f6sen und zu neutralisieren\u00a0<\/p><p>\u00a0<\/p><p>Wenn Sie mehr \u00fcber die M\u00f6glichkeiten der <a href=\"https:\/\/praxis-proportional.de\/hypnose-frankfurt\/\"><strong data-start=\"1012\" data-end=\"1033\">Hypnose Frankfurt<\/strong><\/a> erfahren m\u00f6chten, finden Sie hier weitere Informationen.<\/p>\t\t\t\t\t\t\t\t<\/div>\n\t\t\t\t<\/div>\n\t\t\t\t\t<\/div>\n\t\t<\/div>\n\t\t\t\t<div class=\"elementor-column elementor-col-50 elementor-top-column elementor-element elementor-element-63bcf68\" data-id=\"63bcf68\" data-element_type=\"column\" data-e-type=\"column\">\n\t\t\t<div class=\"elementor-widget-wrap elementor-element-populated\">\n\t\t\t\t\t\t<div class=\"elementor-element elementor-element-e6c0d77 elementor-widget elementor-widget-video\" data-id=\"e6c0d77\" data-element_type=\"widget\" data-e-type=\"widget\" data-settings=\"{&quot;youtube_url&quot;:&quot;https:\\\/\\\/youtu.be\\\/asEdAUgHY0g&quot;,&quot;video_type&quot;:&quot;youtube&quot;,&quot;controls&quot;:&quot;yes&quot;}\" data-widget_type=\"video.default\">\n\t\t\t\t<div class=\"elementor-widget-container\">\n\t\t\t\t\t\t\t<div class=\"elementor-wrapper elementor-open-inline\">\n\t\t\t<div class=\"elementor-video\"><\/div>\t\t<\/div>\n\t\t\t\t\t\t<\/div>\n\t\t\t\t<\/div>\n\t\t\t\t\t<\/div>\n\t\t<\/div>\n\t\t\t\t\t<\/div>\n\t\t<\/section>\n\t\t\t\t<section class=\"elementor-section elementor-top-section elementor-element elementor-element-0e86327 elementor-section-content-middle elementor-section-boxed elementor-section-height-default elementor-section-height-default\" data-id=\"0e86327\" data-element_type=\"section\" data-e-type=\"section\">\n\t\t\t\t\t\t<div class=\"elementor-container elementor-column-gap-default\">\n\t\t\t\t\t<div class=\"elementor-column elementor-col-100 elementor-top-column elementor-element elementor-element-3ad7904\" data-id=\"3ad7904\" data-element_type=\"column\" data-e-type=\"column\">\n\t\t\t<div class=\"elementor-widget-wrap elementor-element-populated\">\n\t\t\t\t\t\t<div class=\"elementor-element elementor-element-f40bd21 elementor-hidden-mobile elementor-widget-divider--view-line elementor-widget elementor-widget-global elementor-global-2185 elementor-widget-divider\" data-id=\"f40bd21\" data-element_type=\"widget\" data-e-type=\"widget\" data-widget_type=\"divider.default\">\n\t\t\t\t<div class=\"elementor-widget-container\">\n\t\t\t\t\t\t\t<div class=\"elementor-divider\">\n\t\t\t<span class=\"elementor-divider-separator\">\n\t\t\t\t\t\t<\/span>\n\t\t<\/div>\n\t\t\t\t\t\t<\/div>\n\t\t\t\t<\/div>\n\t\t\t\t\t<\/div>\n\t\t<\/div>\n\t\t\t\t\t<\/div>\n\t\t<\/section>\n\t\t\t\t<section class=\"elementor-section elementor-top-section elementor-element elementor-element-8a61201 elementor-section-boxed elementor-section-height-default elementor-section-height-default\" data-id=\"8a61201\" data-element_type=\"section\" data-e-type=\"section\">\n\t\t\t\t\t\t<div class=\"elementor-container elementor-column-gap-default\">\n\t\t\t\t\t<div class=\"elementor-column elementor-col-50 elementor-top-column elementor-element elementor-element-095d93c\" data-id=\"095d93c\" data-element_type=\"column\" data-e-type=\"column\">\n\t\t\t<div class=\"elementor-widget-wrap elementor-element-populated\">\n\t\t\t\t\t\t<div class=\"elementor-element elementor-element-7ee04f3 elementor-widget elementor-widget-text-editor\" data-id=\"7ee04f3\" data-element_type=\"widget\" data-e-type=\"widget\" data-widget_type=\"text-editor.default\">\n\t\t\t\t<div class=\"elementor-widget-container\">\n\t\t\t\t\t\t\t\t\t<p><a href=\"https:\/\/praxis-proportional.de\/simpson-protocol\/\">s. auch &#8222;Hypnose nach dem Simpson Protocol&#8220;<\/a><\/p>\t\t\t\t\t\t\t\t<\/div>\n\t\t\t\t<\/div>\n\t\t\t\t\t<\/div>\n\t\t<\/div>\n\t\t\t\t<div class=\"elementor-column elementor-col-50 elementor-top-column elementor-element elementor-element-326dc8e\" data-id=\"326dc8e\" data-element_type=\"column\" data-e-type=\"column\">\n\t\t\t<div class=\"elementor-widget-wrap\">\n\t\t\t\t\t\t\t<\/div>\n\t\t<\/div>\n\t\t\t\t\t<\/div>\n\t\t<\/section>\n\t\t\t\t<section class=\"elementor-section elementor-top-section elementor-element elementor-element-a9eb4ff elementor-section-boxed elementor-section-height-default elementor-section-height-default\" data-id=\"a9eb4ff\" data-element_type=\"section\" data-e-type=\"section\">\n\t\t\t\t\t\t<div class=\"elementor-container elementor-column-gap-default\">\n\t\t\t\t\t<div class=\"elementor-column elementor-col-100 elementor-top-column elementor-element elementor-element-784420c\" data-id=\"784420c\" data-element_type=\"column\" data-e-type=\"column\">\n\t\t\t<div class=\"elementor-widget-wrap\">\n\t\t\t\t\t\t\t<\/div>\n\t\t<\/div>\n\t\t\t\t\t<\/div>\n\t\t<\/section>\n\t\t\t\t<section class=\"elementor-section elementor-top-section elementor-element elementor-element-3c227c6c elementor-section-boxed elementor-section-height-default elementor-section-height-default\" data-id=\"3c227c6c\" data-element_type=\"section\" data-e-type=\"section\">\n\t\t\t\t\t\t<div class=\"elementor-container elementor-column-gap-default\">\n\t\t\t\t\t<div class=\"elementor-column elementor-col-100 elementor-top-column elementor-element elementor-element-7cc69185\" data-id=\"7cc69185\" data-element_type=\"column\" data-e-type=\"column\">\n\t\t\t<div class=\"elementor-widget-wrap elementor-element-populated\">\n\t\t\t\t\t\t<div class=\"elementor-element elementor-element-33e97352 elementor-widget elementor-widget-heading\" data-id=\"33e97352\" data-element_type=\"widget\" data-e-type=\"widget\" data-widget_type=\"heading.default\">\n\t\t\t\t<div class=\"elementor-widget-container\">\n\t\t\t\t\t<h2 class=\"elementor-heading-title elementor-size-default\">\u2b50 Google-Bewertungen zur Hypnose Frankfurt<\/h2>\t\t\t\t<\/div>\n\t\t\t\t<\/div>\n\t\t\t\t<div class=\"elementor-element elementor-element-80c6eb elementor-widget elementor-widget-text-editor\" data-id=\"80c6eb\" data-element_type=\"widget\" data-e-type=\"widget\" data-widget_type=\"text-editor.default\">\n\t\t\t\t<div class=\"elementor-widget-container\">\n\t\t\t\t\t\t\t\t\t<p style=\"text-align: center;\">Das sagen meine Klient:innen, die in meiner Praxis Hilfe gefunden haben.<\/p>\t\t\t\t\t\t\t\t<\/div>\n\t\t\t\t<\/div>\n\t\t\t\t\t<\/div>\n\t\t<\/div>\n\t\t\t\t\t<\/div>\n\t\t<\/section>\n\t\t\t\t<section class=\"elementor-section elementor-top-section elementor-element elementor-element-39be48c1 elementor-section-boxed elementor-section-height-default elementor-section-height-default\" data-id=\"39be48c1\" data-element_type=\"section\" data-e-type=\"section\">\n\t\t\t\t\t\t<div class=\"elementor-container elementor-column-gap-default\">\n\t\t\t\t\t<div class=\"elementor-column elementor-col-100 elementor-top-column elementor-element elementor-element-44b2d647\" data-id=\"44b2d647\" data-element_type=\"column\" data-e-type=\"column\">\n\t\t\t<div class=\"elementor-widget-wrap elementor-element-populated\">\n\t\t\t\t\t\t\t<\/div>\n\t\t<\/div>\n\t\t\t\t\t<\/div>\n\t\t<\/section>\n\t\t\t\t<section class=\"elementor-section elementor-top-section elementor-element elementor-element-175ed200 elementor-section-boxed elementor-section-height-default elementor-section-height-default\" data-id=\"175ed200\" data-element_type=\"section\" data-e-type=\"section\">\n\t\t\t\t\t\t<div class=\"elementor-container elementor-column-gap-default\">\n\t\t\t\t\t<div class=\"elementor-column elementor-col-100 elementor-top-column elementor-element elementor-element-2bee43e1\" data-id=\"2bee43e1\" data-element_type=\"column\" data-e-type=\"column\">\n\t\t\t<div class=\"elementor-widget-wrap elementor-element-populated\">\n\t\t\t\t\t\t<div class=\"elementor-element elementor-element-306777f1 elementor-widget elementor-widget-text-editor\" data-id=\"306777f1\" data-element_type=\"widget\" data-e-type=\"widget\" data-widget_type=\"text-editor.default\">\n\t\t\t\t<div class=\"elementor-widget-container\">\n\t\t\t\t\t\t\t\t\t<p style=\"text-align: center;\">Die Bewertungen sind leicht gek\u00fcrzt.<\/p><p style=\"text-align: center;\">Alle Google Bewertungen ansehen :\u00a0<\/p><p style=\"text-align: center;\"><a href=\"https:\/\/www.google.com\/maps\/place\/Hypnotherapie+%26+Hypnose+Frankfurt+%7C+Praxis+Proportional\/@50.1288468,8.7051224,16z\/data=!4m10!1m2!2m1!1shypnose!3m6!1s0x47bd0f3e3139e879:0x2e571bef4c094ff4!8m2!3d50.1287336!4d8.7098017!15sCgdoeXBub3NlWgkiB2h5cG5vc2WSARRoeXBub3RoZXJhcHlfc2VydmljZZoBJENoZERTVWhOTUc5blMwVkpRMEZuU1VSUWMxQXlNSEJCUlJBQqoBPBABKgsiB2h5cG5vc2UoBTIeEAEiGqri-JLMPbsIbLRDLZI4Xv-dgstZ336ZxCiaMgsQAiIHaHlwbm9zZeABAPoBBAgAEEY!16s%2Fg%2F11v605pbpy\" target=\"_blank\" rel=\"noopener\">HIER KLICKEN<\/a><\/p>\t\t\t\t\t\t\t\t<\/div>\n\t\t\t\t<\/div>\n\t\t\t\t\t<\/div>\n\t\t<\/div>\n\t\t\t\t\t<\/div>\n\t\t<\/section>\n\t\t\t\t<section class=\"elementor-section elementor-top-section elementor-element elementor-element-15e092b0 elementor-section-boxed elementor-section-height-default elementor-section-height-default\" data-id=\"15e092b0\" data-element_type=\"section\" data-e-type=\"section\">\n\t\t\t\t\t\t<div class=\"elementor-container elementor-column-gap-default\">\n\t\t\t\t\t<div class=\"elementor-column elementor-col-100 elementor-top-column elementor-element elementor-element-6c954f83\" data-id=\"6c954f83\" data-element_type=\"column\" data-e-type=\"column\">\n\t\t\t<div class=\"elementor-widget-wrap elementor-element-populated\">\n\t\t\t\t\t\t<div class=\"elementor-element elementor-element-53015214 elementor-widget elementor-widget-html\" data-id=\"53015214\" data-element_type=\"widget\" data-e-type=\"widget\" data-widget_type=\"html.default\">\n\t\t\t\t<div class=\"elementor-widget-container\">\n\t\t\t\t\t<div class=\"visually-hidden\">\r\n  <p>Ich hatte jahrelang mit Angstzust\u00e4nden und Panikattacken zu k\u00e4mpfen und viele Therapien ausprobiert, leider ohne nachhaltigen Erfolg. Schlie\u00dflich entschied ich mich, Hypnotherapie bei Herrn Schrage auszuprobieren. Meine anf\u00e4ngliche Unsicherheit, ob meine Entscheidung richtig war, wich schnell: Nach drei Sitzungen haben sich meine Angstzust\u00e4nde deutlich reduziert, Panikattacken treten nur noch selten auf, und meine Lebensqualit\u00e4t hat sich seit einem halben Jahr sp\u00fcrbar verbessert.<\/p>\r\n  <p>Vielen Dank f\u00fcr die gro\u00dfartige Unterst\u00fctzung, und ich bin Herrn Schrage sehr dankbar. F\u00fcr mich war es ein echter Gl\u00fcckstreffer, und ich kann die Praxis uneingeschr\u00e4nkt empfehlen.<\/p>\r\n  <p>\u2013 Google-Nutzer \u201eFrankfurter B.\u201c<\/p>\r\n<\/div>\r\n<script type=\"application\/ld+json\">\r\n{\r\n  \"@context\": \"https:\/\/schema.org\",\r\n  \"@type\": \"Review\",\r\n  \"reviewBody\": \"Ich hatte jahrelang mit Angstzust\u00e4nden und Panikattacken zu k\u00e4mpfen [...]. F\u00fcr mich war es ein echter Gl\u00fcckstreffer, und ich kann die Praxis uneingeschr\u00e4nkt empfehlen.\",\r\n  \"author\": { \"@type\": \"Person\", \"name\": \"Frankfurter B.\" },\r\n  \"reviewRating\": { \"@type\": \"Rating\", \"ratingValue\": \"5\", \"bestRating\": \"5\" },\r\n  \"itemReviewed\": {\r\n    \"@type\": \"LocalBusiness\",\r\n    \"name\": \"Praxis Proportional\",\r\n    \"address\": { \"@type\": \"PostalAddress\", \"addressLocality\": \"Frankfurt\" }\r\n  }\r\n}\r\n<\/script>\r\n\t\t\t\t<\/div>\n\t\t\t\t<\/div>\n\t\t\t\t<div class=\"elementor-element elementor-element-45eca69e elementor-widget elementor-widget-html\" data-id=\"45eca69e\" data-element_type=\"widget\" data-e-type=\"widget\" data-widget_type=\"html.default\">\n\t\t\t\t<div class=\"elementor-widget-container\">\n\t\t\t\t\t<div class=\"visually-hidden\">\r\n  <p>Ich erhielt sehr kompetente, einf\u00fchlsame Hilfe von Herrn Schrage. Der pers\u00f6nliche Umgang und die einladende und gem\u00fctliche Atmosph\u00e4re der Praxis konnten mich \u00fcberzeugen. Vielmehr aber die erfolgreiche Therapie meiner Angstzust\u00e4nde. Drei Sitzungen reichten f\u00fcr mich pers\u00f6nlich aus, um diese bisher vollst\u00e4ndig loszuwerden.<\/p>\r\n  <p>Kann ich demnach weiterempfehlen! Besten Dank!<\/p>\r\n  <p>\u2013 Google-Nutzerin \u201eNina K.\u201c<\/p>\r\n<\/div>\r\n<script type=\"application\/ld+json\">\r\n{\r\n  \"@context\": \"https:\/\/schema.org\",\r\n  \"@type\": \"Review\",\r\n  \"reviewBody\": \"Ich erhielt sehr kompetente, einf\u00fchlsame Hilfe von Herrn Schrage. Drei Sitzungen reichten aus, um meine Angstzust\u00e4nde loszuwerden. Empfehlenswert!\",\r\n  \"author\": { \"@type\": \"Person\", \"name\": \"Nina K.\" },\r\n  \"reviewRating\": { \"@type\": \"Rating\", \"ratingValue\": \"5\", \"bestRating\": \"5\" },\r\n  \"itemReviewed\": {\r\n    \"@type\": \"LocalBusiness\",\r\n    \"name\": \"Praxis Proportional\",\r\n    \"address\": { \"@type\": \"PostalAddress\", \"addressLocality\": \"Frankfurt\" }\r\n  }\r\n}\r\n<\/script>\r\n\t\t\t\t<\/div>\n\t\t\t\t<\/div>\n\t\t\t\t<div class=\"elementor-element elementor-element-803ad91 elementor-widget elementor-widget-html\" data-id=\"803ad91\" data-element_type=\"widget\" data-e-type=\"widget\" data-widget_type=\"html.default\">\n\t\t\t\t<div class=\"elementor-widget-container\">\n\t\t\t\t\t<div class=\"visually-hidden\">\r\n  <p>Ich kann es absolut empfehlen. Der professionelle, einf\u00fchlsame und respektvolle Umgang macht die Erfahrung absolut angenehm, ruhig und vertrauensvoll.<\/p>\r\n  <p>Dank Herrn Schrage konnte ich die Auswirkungen von Stress neutralisieren, die meinen Schlaf und meine k\u00f6rperliche Verfassung beeintr\u00e4chtigt hatten.<\/p>\r\n  <p>\u2013 Google-Nutzerin \u201eNeus V.\u201c<\/p>\r\n<\/div>\r\n<script type=\"application\/ld+json\">\r\n{\r\n  \"@context\": \"https:\/\/schema.org\",\r\n  \"@type\": \"Review\",\r\n  \"reviewBody\": \"Dank Herrn Schrage konnte ich stressbedingte Schlafprobleme \u00fcberwinden. Die Atmosph\u00e4re war professionell und vertrauensvoll.\",\r\n  \"author\": { \"@type\": \"Person\", \"name\": \"Neus V.\" },\r\n  \"reviewRating\": { \"@type\": \"Rating\", \"ratingValue\": \"5\", \"bestRating\": \"5\" },\r\n  \"itemReviewed\": {\r\n    \"@type\": \"LocalBusiness\",\r\n    \"name\": \"Praxis Proportional\",\r\n    \"address\": { \"@type\": \"PostalAddress\", \"addressLocality\": \"Frankfurt\" }\r\n  }\r\n}\r\n<\/script>\r\n\t\t\t\t<\/div>\n\t\t\t\t<\/div>\n\t\t\t\t<div class=\"elementor-element elementor-element-25bc237f elementor-widget elementor-widget-html\" data-id=\"25bc237f\" data-element_type=\"widget\" data-e-type=\"widget\" data-widget_type=\"html.default\">\n\t\t\t\t<div class=\"elementor-widget-container\">\n\t\t\t\t\t<div class=\"visually-hidden\">\r\n  <p>Meine Erfahrung mit der Hypnosetherapie war rundum positiv. Zun\u00e4chst war ich zugegebenerma\u00dfen etwas skeptisch, jedoch schon beim telefonischen Erstgespr\u00e4ch mit Herrn Schrage hatte ich ein gutes Gef\u00fchl. Die ruhige, sachliche Art und die R\u00e4umlichkeiten sind angenehm.<\/p>\r\n  <p>Meine Panik vor Wespen war diesen Sommer unertr\u00e4glich geworden. Mit drei Hypnose-Sitzungen ist meine Wespenphobie verschwunden \u2013 das ist f\u00fcr mich immer noch unglaublich.<\/p>\r\n  <p>\u2013 Google-Nutzerin \u201eLisa L.\u201c<\/p>\r\n<\/div>\r\n<script type=\"application\/ld+json\">\r\n{\r\n  \"@context\": \"https:\/\/schema.org\",\r\n  \"@type\": \"Review\",\r\n  \"reviewBody\": \"Meine Panik vor Wespen war unertr\u00e4glich. Durch drei Hypnose-Sitzungen bei Herrn Schrage ist meine Wespenphobie verschwunden.\",\r\n  \"author\": { \"@type\": \"Person\", \"name\": \"Lisa L.\" },\r\n  \"reviewRating\": { \"@type\": \"Rating\", \"ratingValue\": \"5\", \"bestRating\": \"5\" },\r\n  \"itemReviewed\": {\r\n    \"@type\": \"LocalBusiness\",\r\n    \"name\": \"Praxis Proportional\",\r\n    \"address\": { \"@type\": \"PostalAddress\", \"addressLocality\": \"Frankfurt\" }\r\n  }\r\n}\r\n<\/script>\r\n\t\t\t\t<\/div>\n\t\t\t\t<\/div>\n\t\t\t\t<div class=\"elementor-element elementor-element-1d8bc9f0 elementor-widget elementor-widget-html\" data-id=\"1d8bc9f0\" data-element_type=\"widget\" data-e-type=\"widget\" data-widget_type=\"html.default\">\n\t\t\t\t<div class=\"elementor-widget-container\">\n\t\t\t\t\t<div class=\"visually-hidden\">\r\n  <p>Seit vielen Jahren k\u00e4mpfte ich mit Antriebslosigkeit und Depressionen. Keine der zahlreichen Therapien konnte bisher eine nachhaltige Verbesserung bewirken \u2013 bis ich die Hypnose bei Herrn Schrage ausprobierte. Anfangs war ich skeptisch, doch schon nach wenigen Sitzungen stellte sich eine deutliche Ver\u00e4nderung ein.<\/p>\r\n  <p>Zum ersten Mal seit Jahren kann ich wieder Freude empfinden und das Leben aus einer neuen Perspektive betrachten. Diese Behandlung hat mir die Ver\u00e4nderung gebracht, nach der ich so lange gesucht habe.<\/p>\r\n  <p>\u2013 Google-Nutzer \u201eAchim K.\u201c<\/p>\r\n<\/div>\r\n<script type=\"application\/ld+json\">\r\n{\r\n  \"@context\": \"https:\/\/schema.org\",\r\n  \"@type\": \"Review\",\r\n  \"reviewBody\": \"Seit vielen Jahren k\u00e4mpfte ich mit Antriebslosigkeit und Depressionen. Durch Hypnose bei Herrn Schrage kam eine deutliche Verbesserung. Ich bin unendlich dankbar.\",\r\n  \"author\": { \"@type\": \"Person\", \"name\": \"Achim K.\" },\r\n  \"reviewRating\": { \"@type\": \"Rating\", \"ratingValue\": \"5\", \"bestRating\": \"5\" },\r\n  \"itemReviewed\": {\r\n    \"@type\": \"LocalBusiness\",\r\n    \"name\": \"Praxis Proportional\",\r\n    \"address\": { \"@type\": \"PostalAddress\", \"addressLocality\": \"Frankfurt\" }\r\n  }\r\n}\r\n<\/script>\r\n\t\t\t\t<\/div>\n\t\t\t\t<\/div>\n\t\t\t\t\t<\/div>\n\t\t<\/div>\n\t\t\t\t\t<\/div>\n\t\t<\/section>\n\t\t\t\t<\/div>\n\t\t","protected":false},"excerpt":{"rendered":"<p>Was ist die Hypnoanalyse? In dieser Seite erl\u00e4utere ich Ihnen, was die Hypnoanalyse ist, wof\u00fcr sie eingesetzt wird und wie die Hypnoanalyse genau funktioniert. Hypnoanalyse, die auch Regression genannt wird, ist eine ursachenorientierte Form der Hypnosetherapie, die auch im Rahmen der Hypnose in Frankfurt eingesetzt wird, um die Ursachen eines psychischen Problems zu identifizieren und [&hellip;]<\/p>\n","protected":false},"author":1,"featured_media":0,"parent":0,"menu_order":0,"comment_status":"closed","ping_status":"closed","template":"","meta":{"footnotes":""},"class_list":["post-319","page","type-page","status-publish","hentry"],"_links":{"self":[{"href":"https:\/\/praxis-proportional.de\/wp-json\/wp\/v2\/pages\/319","targetHints":{"allow":["GET"]}}],"collection":[{"href":"https:\/\/praxis-proportional.de\/wp-json\/wp\/v2\/pages"}],"about":[{"href":"https:\/\/praxis-proportional.de\/wp-json\/wp\/v2\/types\/page"}],"author":[{"embeddable":true,"href":"https:\/\/praxis-proportional.de\/wp-json\/wp\/v2\/users\/1"}],"replies":[{"embeddable":true,"href":"https:\/\/praxis-proportional.de\/wp-json\/wp\/v2\/comments?post=319"}],"version-history":[{"count":187,"href":"https:\/\/praxis-proportional.de\/wp-json\/wp\/v2\/pages\/319\/revisions"}],"predecessor-version":[{"id":8536,"href":"https:\/\/praxis-proportional.de\/wp-json\/wp\/v2\/pages\/319\/revisions\/8536"}],"wp:attachment":[{"href":"https:\/\/praxis-proportional.de\/wp-json\/wp\/v2\/media?parent=319"}],"curies":[{"name":"wp","href":"https:\/\/api.w.org\/{rel}","templated":true}]}}