{"id":48,"date":"2023-04-27T17:03:59","date_gmt":"2023-04-27T17:03:59","guid":{"rendered":"https:\/\/praxis-equilibrium.de\/?page_id=48"},"modified":"2025-04-13T22:37:14","modified_gmt":"2025-04-13T20:37:14","slug":"impressum","status":"publish","type":"page","link":"https:\/\/praxis-proportional.de\/impressum\/","title":{"rendered":"Impressum"},"content":{"rendered":"\t\t<div data-elementor-type=\"wp-page\" data-elementor-id=\"48\" class=\"elementor elementor-48\" data-elementor-post-type=\"page\">\n\t\t\t\t\t\t<section class=\"elementor-section elementor-top-section elementor-element elementor-element-17a1ce9 elementor-section-boxed elementor-section-height-default elementor-section-height-default\" data-id=\"17a1ce9\" data-element_type=\"section\" data-e-type=\"section\">\n\t\t\t\t\t\t<div class=\"elementor-container elementor-column-gap-default\">\n\t\t\t\t\t<div class=\"elementor-column elementor-col-100 elementor-top-column elementor-element elementor-element-5658100\" data-id=\"5658100\" data-element_type=\"column\" data-e-type=\"column\">\n\t\t\t<div class=\"elementor-widget-wrap elementor-element-populated\">\n\t\t\t\t\t\t<div class=\"elementor-element elementor-element-2fce2a9 elementor-widget elementor-widget-heading\" data-id=\"2fce2a9\" data-element_type=\"widget\" data-e-type=\"widget\" data-widget_type=\"heading.default\">\n\t\t\t\t<div class=\"elementor-widget-container\">\n\t\t\t\t\t<h1 class=\"elementor-heading-title elementor-size-default\">Impressum <\/h1>\t\t\t\t<\/div>\n\t\t\t\t<\/div>\n\t\t\t\t<div class=\"elementor-element elementor-element-9002dc0 elementor-widget elementor-widget-text-editor\" data-id=\"9002dc0\" data-element_type=\"widget\" data-e-type=\"widget\" data-widget_type=\"text-editor.default\">\n\t\t\t\t<div class=\"elementor-widget-container\">\n\t\t\t\t\t\t\t\t\t<ul>\n<li>Angaben gem\u00e4\u00df \u00a7 5 TMG und Informationen nach \u00a7 2 DL-InfoV:<\/li>\n<\/ul>\n<p><strong>Impressum:<\/strong><\/p>\n<p><strong>&nbsp;<\/strong><\/p>\n<p>Heilpraktiker Christoph Schrage<br>ebenfalls verantwortlich f\u00fcr den Inhalt der Homepage i.S.d. \u00a7 18 Abs. 2 MStV.<\/p>\n<p>Gronauer Str. 27<br>60385 Frankfurt<br>Telefon: +49 (0) 69 \/ 759 34 782&nbsp;<\/p>\n<p>E-Mail: info@praxis-<span style=\"color: #333366;\">proportional<\/span>.de<\/p>\n<p><strong>&nbsp;<\/strong><\/p>\n<p><strong>Gesetzliche Berufsbezeichnung:<\/strong><\/p>\n<p>Heilpraktiker (verliehen in der Bundesrepublik Deutschland)<\/p>\n<p>Die Erlaubnis nach \u00a71 Abs. 1 des Heilpraktikergesetzes wurde mir durch das Gesundheitsamt der Stadt Frankfurt\/M erteilt.<\/p>\n<p><strong>&nbsp;<\/strong><\/p>\n<p><strong>Zust\u00e4ndige Aufsichtsbeh\u00f6rde:<\/strong><\/p>\n<p>Gesundheitsamt Frankfurt,&nbsp;<span style=\"box-sizing: inherit; overflow-wrap: break-word; word-break: break-word; color: #333333; font-family: Roboto, Arial, Verdana, sans-serif;\">Breite Gasse<\/span><span style=\"color: #333333; font-family: Roboto, Arial, Verdana, sans-serif;\">&nbsp;<\/span><span style=\"box-sizing: inherit; overflow-wrap: break-word; word-break: break-word; color: #333333; font-family: Roboto, Arial, Verdana, sans-serif;\">28,&nbsp;<\/span><span style=\"font-weight: var( --e-global-typography-text-font-weight ); font-size: 1rem; color: #333333; font-family: Roboto, Arial, Verdana, sans-serif; box-sizing: inherit; overflow-wrap: break-word; word-break: break-word;\">60313<\/span><span style=\"font-weight: var( --e-global-typography-text-font-weight ); font-size: 1rem; color: #333333; font-family: Roboto, Arial, Verdana, sans-serif;\">&nbsp;<\/span><span style=\"font-weight: var( --e-global-typography-text-font-weight ); font-size: 1rem; color: #333333; font-family: Roboto, Arial, Verdana, sans-serif; box-sizing: inherit; overflow-wrap: break-word; word-break: break-word;\">Frankfurt am Main<\/span><span style=\"color: var( --e-global-color-text ); font-family: var( --e-global-typography-text-font-family ), Sans-serif; font-weight: var( --e-global-typography-text-font-weight ); font-size: 1rem;\">,&nbsp;<\/span><\/p>\n<p>https:\/\/frankfurt.de\/service-und-rathaus\/verwaltung\/aemter-und-institutionen\/gesundheitsamt<\/p>\n<p><strong style=\"color: var( --e-global-color-text ); font-family: var( --e-global-typography-text-font-family ), Sans-serif; font-size: 1rem;\">&nbsp;<\/strong><\/p>\n<p><strong style=\"color: var( --e-global-color-text ); font-family: var( --e-global-typography-text-font-family ), Sans-serif; font-size: 1rem;\">Berufsrechtliche Regelungen:<\/strong><\/p>\n<p>Gesetz \u00fcber die berufsm\u00e4\u00dfige Aus\u00fcbung der Heilkunde ohne \u00e4rztliche Bestallung (Heilpraktikergesetz) und Durchf\u00fchrungsverordnung: Nachzulesen im Internet unter&nbsp;<a href=\"http:\/\/www.gesetze-im-internet.de\/heilprg\/index.html\" target=\"_blank\" rel=\"noopener\">http:\/\/www.gesetze-im-internet.de\/heilprg\/index.html<\/a>&nbsp;und&nbsp;<a href=\"http:\/\/www.gesetze-im-internet.de\/heilprgdv_1\/index.html\" target=\"_blank\" rel=\"noopener\">http:\/\/www.gesetze-im-internet.de\/heilprgdv_1\/index.html<\/a><\/p>\n<p><strong style=\"color: var( --e-global-color-text ); font-family: var( --e-global-typography-text-font-family ), Sans-serif; font-size: 1rem;\">&nbsp;<\/strong><\/p>\n<p><strong style=\"color: var( --e-global-color-text ); font-family: var( --e-global-typography-text-font-family ), Sans-serif; font-size: 1rem;\">Verbandsmitgliedschaft &amp; Verhaltenskodex:<\/strong><\/p>\n<p>Mitglied im Verband:<br>Berufs- und Fachverband Freie Heilpraktiker e.V.<br><a href=\"http:\/\/www.freieheilpraktiker.com\/\" target=\"_blank\" rel=\"noopener\">http:\/\/www.freieheilpraktiker.com<\/a><\/p>\n<p>Es gilt die verbandsrechtliche Berufsordnung. Die Regelungen sind einsehbar unter:&nbsp;<a href=\"https:\/\/freieheilpraktiker.com\/verband\/berufsbild\/60-berufsordnung\" target=\"_blank\" rel=\"noopener\">https:\/\/freieheilpraktiker.com\/verband\/berufsbild\/60-berufsordnung<\/a><\/p>\n<p><strong>&nbsp;<\/strong><\/p>\n<p><strong>Hinweis zu \u00a7 4 Nr. 14 UStG:<\/strong><\/p>\n<p>Heilkundliche T\u00e4tigkeit ist von der Umsatzsteuer gem\u00e4\u00df \u00a7 4 Nr. 14 UStG befreit. Aus diesem Grund erhebe ich keine Umsatzsteuer und weise diese folglich auch nicht aus.<\/p>\n<p><strong>&nbsp;<\/strong><\/p>\n<p><strong>Urheberangaben f\u00fcr die verwendeten Bilder \/ Bildnachweis:<\/strong><\/p>\n<ul>\n<li><span style=\"font-family: var( --e-global-typography-text-font-family ), Sans-serif; font-size: var( --e-global-typography-text-font-size ); font-style: var( --e-global-typography-text-font-style ); font-weight: var( --e-global-typography-text-font-weight ); text-transform: var( --e-global-typography-text-text-transform ); background-color: var( --e-global-color-c15569b );\">eigene Fotos, eigene Fotobearbeitung<\/span><\/li>\n<li>Getty Images<br>Suite 313 &#8211; 1240 20th Ave SE<br>Calgary, Alberta T2G 1M8<br>Canada<\/li>\n<li>Adobe Systems Software Ireland Limited<br>4-6 Riverwalk<br>Citywest Business Campus<br>Dublin 24<br>Republic of Ireland<\/li>\n<li>Shutterstock, Inc. <br>351 Fifth Avenue, 21st Floor <br>New York, New York 10118<\/li>\n<li>Pexels GmbH<br>Rheinsberger Str. 76\/77<br>10115 Berlin<\/li>\n<\/ul>\n<div>&nbsp;<strong style=\"color: var( --e-global-color-text ); font-family: var( --e-global-typography-text-font-family ), Sans-serif; font-size: var( --e-global-typography-text-font-size ); font-style: var( --e-global-typography-text-font-style ); text-transform: var( --e-global-typography-text-text-transform ); background-color: var( --e-global-color-c15569b );\">&nbsp;<\/strong><\/div>\t\t\t\t\t\t\t\t<\/div>\n\t\t\t\t<\/div>\n\t\t\t\t\t<\/div>\n\t\t<\/div>\n\t\t\t\t\t<\/div>\n\t\t<\/section>\n\t\t\t\t<section class=\"elementor-section elementor-top-section elementor-element elementor-element-1ba1ea8 elementor-section-boxed elementor-section-height-default elementor-section-height-default\" data-id=\"1ba1ea8\" data-element_type=\"section\" data-e-type=\"section\">\n\t\t\t\t\t\t<div class=\"elementor-container elementor-column-gap-default\">\n\t\t\t\t\t<div class=\"elementor-column elementor-col-100 elementor-top-column elementor-element elementor-element-c6af117\" data-id=\"c6af117\" data-element_type=\"column\" data-e-type=\"column\">\n\t\t\t<div class=\"elementor-widget-wrap elementor-element-populated\">\n\t\t\t\t\t\t<div class=\"elementor-element elementor-element-ef1499a elementor-widget elementor-widget-text-editor\" data-id=\"ef1499a\" data-element_type=\"widget\" data-e-type=\"widget\" data-widget_type=\"text-editor.default\">\n\t\t\t\t<div class=\"elementor-widget-container\">\n\t\t\t\t\t\t\t\t\t<p><strong>Hinweis: Die auf dieser Website beschriebenen Verfahren sind wissenschaftlich umstritten; sie werden von der Schulmedizin nicht anerkannt. Beschriebene Folgen einer Behandlung beruhen ausschlie\u00dflich auf Erfahrungswissen. Wissenschaftliche Nachweise \u00fcber die Wirkungen nach den anerkannten Regeln und Grunds\u00e4tzen wissenschaftlicher Forschung liegen nicht vor. Der Verlauf einer Behandlung h\u00e4ngt zudem stets von individuellen Faktoren des Patienten ab. Eine konkrete Wirkung kann deshalb nicht zugesichert werden<\/strong><\/p>\t\t\t\t\t\t\t\t<\/div>\n\t\t\t\t<\/div>\n\t\t\t\t\t<\/div>\n\t\t<\/div>\n\t\t\t\t\t<\/div>\n\t\t<\/section>\n\t\t\t\t<\/div>\n\t\t","protected":false},"excerpt":{"rendered":"<p>Impressum Angaben gem\u00e4\u00df \u00a7 5 TMG und Informationen nach \u00a7 2 DL-InfoV: Impressum: &nbsp; Heilpraktiker Christoph Schrageebenfalls verantwortlich f\u00fcr den Inhalt der Homepage i.S.d. \u00a7 18 Abs. 2 MStV. Gronauer Str. 2760385 FrankfurtTelefon: +49 (0) 69 \/ 759 34 782&nbsp; E-Mail: info@praxis-proportional.de &nbsp; Gesetzliche Berufsbezeichnung: Heilpraktiker (verliehen in der Bundesrepublik Deutschland) Die Erlaubnis nach \u00a71 [&hellip;]<\/p>\n","protected":false},"author":1,"featured_media":0,"parent":0,"menu_order":0,"comment_status":"closed","ping_status":"closed","template":"","meta":{"footnotes":""},"class_list":["post-48","page","type-page","status-publish","hentry"],"_links":{"self":[{"href":"https:\/\/praxis-proportional.de\/wp-json\/wp\/v2\/pages\/48","targetHints":{"allow":["GET"]}}],"collection":[{"href":"https:\/\/praxis-proportional.de\/wp-json\/wp\/v2\/pages"}],"about":[{"href":"https:\/\/praxis-proportional.de\/wp-json\/wp\/v2\/types\/page"}],"author":[{"embeddable":true,"href":"https:\/\/praxis-proportional.de\/wp-json\/wp\/v2\/users\/1"}],"replies":[{"embeddable":true,"href":"https:\/\/praxis-proportional.de\/wp-json\/wp\/v2\/comments?post=48"}],"version-history":[{"count":43,"href":"https:\/\/praxis-proportional.de\/wp-json\/wp\/v2\/pages\/48\/revisions"}],"predecessor-version":[{"id":7832,"href":"https:\/\/praxis-proportional.de\/wp-json\/wp\/v2\/pages\/48\/revisions\/7832"}],"wp:attachment":[{"href":"https:\/\/praxis-proportional.de\/wp-json\/wp\/v2\/media?parent=48"}],"curies":[{"name":"wp","href":"https:\/\/api.w.org\/{rel}","templated":true}]}}