{"id":5145,"date":"2024-04-22T16:21:11","date_gmt":"2024-04-22T14:21:11","guid":{"rendered":"https:\/\/praxis-proportional.de\/?page_id=5145"},"modified":"2025-04-13T22:34:14","modified_gmt":"2025-04-13T20:34:14","slug":"nachhaltigkeit","status":"publish","type":"page","link":"https:\/\/praxis-proportional.de\/nachhaltigkeit\/","title":{"rendered":"Nachhaltigkeit"},"content":{"rendered":"\t\t<div data-elementor-type=\"wp-page\" data-elementor-id=\"5145\" class=\"elementor elementor-5145\" data-elementor-post-type=\"page\">\n\t\t\t\t\t\t<section class=\"elementor-section elementor-top-section elementor-element elementor-element-0eb49ba elementor-section-boxed elementor-section-height-default elementor-section-height-default\" data-id=\"0eb49ba\" data-element_type=\"section\" data-e-type=\"section\">\n\t\t\t\t\t\t<div class=\"elementor-container elementor-column-gap-default\">\n\t\t\t\t\t<div class=\"elementor-column elementor-col-50 elementor-top-column elementor-element elementor-element-3cd1485\" data-id=\"3cd1485\" data-element_type=\"column\" data-e-type=\"column\">\n\t\t\t<div class=\"elementor-widget-wrap elementor-element-populated\">\n\t\t\t\t\t\t<div class=\"elementor-element elementor-element-f343354 elementor-widget elementor-widget-heading\" data-id=\"f343354\" data-element_type=\"widget\" data-e-type=\"widget\" data-widget_type=\"heading.default\">\n\t\t\t\t<div class=\"elementor-widget-container\">\n\t\t\t\t\t<h1 class=\"elementor-heading-title elementor-size-default\">Nachhaltigkeit <\/h1>\t\t\t\t<\/div>\n\t\t\t\t<\/div>\n\t\t\t\t\t<\/div>\n\t\t<\/div>\n\t\t\t\t<div class=\"elementor-column elementor-col-50 elementor-top-column elementor-element elementor-element-e069215\" data-id=\"e069215\" data-element_type=\"column\" data-e-type=\"column\">\n\t\t\t<div class=\"elementor-widget-wrap\">\n\t\t\t\t\t\t\t<\/div>\n\t\t<\/div>\n\t\t\t\t\t<\/div>\n\t\t<\/section>\n\t\t\t\t<section class=\"elementor-section elementor-top-section elementor-element elementor-element-e0533bb elementor-section-boxed elementor-section-height-default elementor-section-height-default\" data-id=\"e0533bb\" data-element_type=\"section\" data-e-type=\"section\">\n\t\t\t\t\t\t<div class=\"elementor-container elementor-column-gap-default\">\n\t\t\t\t\t<div class=\"elementor-column elementor-col-50 elementor-top-column elementor-element elementor-element-1ca72e1\" data-id=\"1ca72e1\" data-element_type=\"column\" data-e-type=\"column\">\n\t\t\t<div class=\"elementor-widget-wrap elementor-element-populated\">\n\t\t\t\t\t\t<div class=\"elementor-element elementor-element-a73bbce elementor-widget elementor-widget-text-editor\" data-id=\"a73bbce\" data-element_type=\"widget\" data-e-type=\"widget\" data-widget_type=\"text-editor.default\">\n\t\t\t\t<div class=\"elementor-widget-container\">\n\t\t\t\t\t\t\t\t\t<p>Hypnose ist eine wunderbare Therapieform, um nachhaltige Ver\u00e4nderung in unserer Seele, in unserem Geist oder unserem K\u00f6rper zu erreichen.<\/p><p>\u00a0<\/p><p>Ursachenaufl\u00f6sende Therapieformen wie die von mir verwendete <a href=\"https:\/\/praxis-proportional.de\/hypnoanalyse\/\">Hypnoanalyse<\/a> oder die Hypnose nach dem <a href=\"https:\/\/praxis-proportional.de\/simpson-protocol\/\">Simpson Protocol<\/a> sind dabei den rein suggestiv arbeitenden Therapien vorzuziehen, da sie die tiefen Ursachen neutralisieren wollen und nicht nur die Symptome behandeln.<\/p>\t\t\t\t\t\t\t\t<\/div>\n\t\t\t\t<\/div>\n\t\t\t\t\t<\/div>\n\t\t<\/div>\n\t\t\t\t<div class=\"elementor-column elementor-col-50 elementor-top-column elementor-element elementor-element-5590333\" data-id=\"5590333\" data-element_type=\"column\" data-e-type=\"column\">\n\t\t\t<div class=\"elementor-widget-wrap\">\n\t\t\t\t\t\t\t<\/div>\n\t\t<\/div>\n\t\t\t\t\t<\/div>\n\t\t<\/section>\n\t\t\t\t<section class=\"elementor-section elementor-top-section elementor-element elementor-element-3688586 elementor-reverse-mobile elementor-section-boxed elementor-section-height-default elementor-section-height-default\" data-id=\"3688586\" data-element_type=\"section\" data-e-type=\"section\">\n\t\t\t\t\t\t<div class=\"elementor-container elementor-column-gap-default\">\n\t\t\t\t\t<div class=\"elementor-column elementor-col-50 elementor-top-column elementor-element elementor-element-4cda7bb\" data-id=\"4cda7bb\" data-element_type=\"column\" data-e-type=\"column\">\n\t\t\t<div class=\"elementor-widget-wrap elementor-element-populated\">\n\t\t\t\t\t\t<div class=\"elementor-element elementor-element-c575e36 elementor-widget elementor-widget-image\" data-id=\"c575e36\" data-element_type=\"widget\" data-e-type=\"widget\" data-widget_type=\"image.default\">\n\t\t\t\t<div class=\"elementor-widget-container\">\n\t\t\t\t\t\t\t\t\t\t\t\t\t\t\t<img decoding=\"async\" width=\"300\" height=\"70\" src=\"https:\/\/praxis-proportional.de\/wp-content\/uploads\/2024\/04\/tree-nation-logo-300x70.webp\" class=\"attachment-medium size-medium wp-image-5147\" alt=\"logo tree-nation\" srcset=\"https:\/\/praxis-proportional.de\/wp-content\/uploads\/2024\/04\/tree-nation-logo-300x70.webp 300w, https:\/\/praxis-proportional.de\/wp-content\/uploads\/2024\/04\/tree-nation-logo.webp 703w\" sizes=\"(max-width: 300px) 100vw, 300px\" \/>\t\t\t\t\t\t\t\t\t\t\t\t\t\t\t<\/div>\n\t\t\t\t<\/div>\n\t\t\t\t\t<\/div>\n\t\t<\/div>\n\t\t\t\t<div class=\"elementor-column elementor-col-50 elementor-top-column elementor-element elementor-element-cc9327c\" data-id=\"cc9327c\" data-element_type=\"column\" data-e-type=\"column\">\n\t\t\t<div class=\"elementor-widget-wrap elementor-element-populated\">\n\t\t\t\t\t\t<div class=\"elementor-element elementor-element-1ddf88f elementor-widget elementor-widget-text-editor\" data-id=\"1ddf88f\" data-element_type=\"widget\" data-e-type=\"widget\" data-widget_type=\"text-editor.default\">\n\t\t\t\t<div class=\"elementor-widget-container\">\n\t\t\t\t\t\t\t\t\t<p>Nachhaltigkeit ist uns aber nicht nur in der Hypnosebehandlung wichtig, sondern wir unterst\u00fctzen auch das nachhaltige Bestreben zur CO2 Reduktion f\u00fcr unsere Umwelt. Deshalb engagiert sich die Praxis in dem Projekt Tree-Nation (<a href=\"http:\/\/www.tree-nation.com\" target=\"_blank\" rel=\"noopener\">www.tree-nation.com<\/a>) zur weltweiten CO2-Reduktion.<\/p>\t\t\t\t\t\t\t\t<\/div>\n\t\t\t\t<\/div>\n\t\t\t\t\t<\/div>\n\t\t<\/div>\n\t\t\t\t\t<\/div>\n\t\t<\/section>\n\t\t\t\t<section class=\"elementor-section elementor-top-section elementor-element elementor-element-1eb7ed1 elementor-section-boxed elementor-section-height-default elementor-section-height-default\" data-id=\"1eb7ed1\" data-element_type=\"section\" data-e-type=\"section\">\n\t\t\t\t\t\t<div class=\"elementor-container elementor-column-gap-default\">\n\t\t\t\t\t<div class=\"elementor-column elementor-col-50 elementor-top-column elementor-element elementor-element-97cf305\" data-id=\"97cf305\" data-element_type=\"column\" data-e-type=\"column\">\n\t\t\t<div class=\"elementor-widget-wrap elementor-element-populated\">\n\t\t\t\t\t\t<div class=\"elementor-element elementor-element-962218e elementor-widget elementor-widget-text-editor\" data-id=\"962218e\" data-element_type=\"widget\" data-e-type=\"widget\" data-widget_type=\"text-editor.default\">\n\t\t\t\t<div class=\"elementor-widget-container\">\n\t\t\t\t\t\t\t\t\t<p>F\u00fcr jedes gebuchte 4er Behandlungspaket (s. <a href=\"https:\/\/praxis-proportional.de\/termine-preise\/\">Termine und Preise<\/a>) spenden wir im Rahmen des Aufforstungsprojektes \u201eEden Reforestation Projects\u201c in Madagascar die Pflanzung von\u00a0 10 Mangroven-B\u00e4umen (Rhizophora mucronata) und f\u00fcr ein Aufforstungsprojekt in Nepal 10 Gerber-Akazien (Acacia catechu).<\/p><p>Das entspricht einem j\u00e4hrlichen CO2-Ausgleich von 100 kg j\u00e4hrlich oder einem CO2-Ausgleich in der Lebensdauer der B\u00e4ume von ca. 1.000 kg CO2, ein Ausgleich f\u00fcr ca. 430 l Benzin.\u00a0<\/p>\t\t\t\t\t\t\t\t<\/div>\n\t\t\t\t<\/div>\n\t\t\t\t\t<\/div>\n\t\t<\/div>\n\t\t\t\t<div class=\"elementor-column elementor-col-50 elementor-top-column elementor-element elementor-element-c40d5fb\" data-id=\"c40d5fb\" data-element_type=\"column\" data-e-type=\"column\">\n\t\t\t<div class=\"elementor-widget-wrap elementor-element-populated\">\n\t\t\t\t\t\t<div class=\"elementor-element elementor-element-80fa3a1 elementor-widget elementor-widget-image\" data-id=\"80fa3a1\" data-element_type=\"widget\" data-e-type=\"widget\" data-widget_type=\"image.default\">\n\t\t\t\t<div class=\"elementor-widget-container\">\n\t\t\t\t\t\t\t\t\t\t\t\t\t\t\t<img fetchpriority=\"high\" decoding=\"async\" width=\"300\" height=\"190\" src=\"https:\/\/praxis-proportional.de\/wp-content\/uploads\/2024\/04\/Baeume-2-300x190.webp\" class=\"attachment-medium size-medium wp-image-5153\" alt=\"Foto von B\u00e4ume im Wald, der nachhaltiges Wirtschaften signalisiert\" srcset=\"https:\/\/praxis-proportional.de\/wp-content\/uploads\/2024\/04\/Baeume-2-300x190.webp 300w, https:\/\/praxis-proportional.de\/wp-content\/uploads\/2024\/04\/Baeume-2.webp 473w\" sizes=\"(max-width: 300px) 100vw, 300px\" \/>\t\t\t\t\t\t\t\t\t\t\t\t\t\t\t<\/div>\n\t\t\t\t<\/div>\n\t\t\t\t\t<\/div>\n\t\t<\/div>\n\t\t\t\t\t<\/div>\n\t\t<\/section>\n\t\t\t\t<section class=\"elementor-section elementor-top-section elementor-element elementor-element-4279053 elementor-reverse-mobile elementor-section-boxed elementor-section-height-default elementor-section-height-default\" data-id=\"4279053\" data-element_type=\"section\" data-e-type=\"section\">\n\t\t\t\t\t\t<div class=\"elementor-container elementor-column-gap-default\">\n\t\t\t\t\t<div class=\"elementor-column elementor-col-50 elementor-top-column elementor-element elementor-element-b977737\" data-id=\"b977737\" data-element_type=\"column\" data-e-type=\"column\">\n\t\t\t<div class=\"elementor-widget-wrap elementor-element-populated\">\n\t\t\t\t\t\t<div class=\"elementor-element elementor-element-5a12de1 elementor-widget elementor-widget-image\" data-id=\"5a12de1\" data-element_type=\"widget\" data-e-type=\"widget\" data-widget_type=\"image.default\">\n\t\t\t\t<div class=\"elementor-widget-container\">\n\t\t\t\t\t\t\t\t\t\t\t\t\t\t\t<img decoding=\"async\" width=\"768\" height=\"417\" src=\"https:\/\/praxis-proportional.de\/wp-content\/uploads\/2024\/04\/Baum-Standort-768x417.webp\" class=\"attachment-medium_large size-medium_large wp-image-5149\" alt=\"Log mit zwei Bildern von Tree-Nation\" srcset=\"https:\/\/praxis-proportional.de\/wp-content\/uploads\/2024\/04\/Baum-Standort-768x417.webp 768w, https:\/\/praxis-proportional.de\/wp-content\/uploads\/2024\/04\/Baum-Standort-300x163.webp 300w, https:\/\/praxis-proportional.de\/wp-content\/uploads\/2024\/04\/Baum-Standort-1024x556.webp 1024w, https:\/\/praxis-proportional.de\/wp-content\/uploads\/2024\/04\/Baum-Standort.webp 1317w\" sizes=\"(max-width: 768px) 100vw, 768px\" \/>\t\t\t\t\t\t\t\t\t\t\t\t\t\t\t<\/div>\n\t\t\t\t<\/div>\n\t\t\t\t\t<\/div>\n\t\t<\/div>\n\t\t\t\t<div class=\"elementor-column elementor-col-50 elementor-top-column elementor-element elementor-element-c1dd048\" data-id=\"c1dd048\" data-element_type=\"column\" data-e-type=\"column\">\n\t\t\t<div class=\"elementor-widget-wrap elementor-element-populated\">\n\t\t\t\t\t\t<div class=\"elementor-element elementor-element-4bcf17b elementor-widget elementor-widget-text-editor\" data-id=\"4bcf17b\" data-element_type=\"widget\" data-e-type=\"widget\" data-widget_type=\"text-editor.default\">\n\t\t\t\t<div class=\"elementor-widget-container\">\n\t\t\t\t\t\t\t\t\t<p>Die B\u00e4ume werden pers\u00f6nlich f\u00fcr Sie als Klient\/in gepflanzt und Sie bekommen von Tree-Nation den genauen Standort Ihrer B\u00e4ume mitgeteilt.<\/p><p>\u00a0<\/p><p>Im Rahmen Ihrer Paktetbuchung k\u00f6nnen Sie entscheiden, ob die Pflanzung anonym erfolgen soll oder Ihr Name und E-Mail an Tree-Nation \u00fcbermittelt werden darf.<\/p>\t\t\t\t\t\t\t\t<\/div>\n\t\t\t\t<\/div>\n\t\t\t\t\t<\/div>\n\t\t<\/div>\n\t\t\t\t\t<\/div>\n\t\t<\/section>\n\t\t\t\t<\/div>\n\t\t","protected":false},"excerpt":{"rendered":"<p>Nachhaltigkeit Hypnose ist eine wunderbare Therapieform, um nachhaltige Ver\u00e4nderung in unserer Seele, in unserem Geist oder unserem K\u00f6rper zu erreichen. \u00a0 Ursachenaufl\u00f6sende Therapieformen wie die von mir verwendete Hypnoanalyse oder die Hypnose nach dem Simpson Protocol sind dabei den rein suggestiv arbeitenden Therapien vorzuziehen, da sie die tiefen Ursachen neutralisieren wollen und nicht nur die [&hellip;]<\/p>\n","protected":false},"author":1,"featured_media":0,"parent":0,"menu_order":0,"comment_status":"closed","ping_status":"closed","template":"","meta":{"footnotes":""},"class_list":["post-5145","page","type-page","status-publish","hentry"],"_links":{"self":[{"href":"https:\/\/praxis-proportional.de\/wp-json\/wp\/v2\/pages\/5145","targetHints":{"allow":["GET"]}}],"collection":[{"href":"https:\/\/praxis-proportional.de\/wp-json\/wp\/v2\/pages"}],"about":[{"href":"https:\/\/praxis-proportional.de\/wp-json\/wp\/v2\/types\/page"}],"author":[{"embeddable":true,"href":"https:\/\/praxis-proportional.de\/wp-json\/wp\/v2\/users\/1"}],"replies":[{"embeddable":true,"href":"https:\/\/praxis-proportional.de\/wp-json\/wp\/v2\/comments?post=5145"}],"version-history":[{"count":42,"href":"https:\/\/praxis-proportional.de\/wp-json\/wp\/v2\/pages\/5145\/revisions"}],"predecessor-version":[{"id":7817,"href":"https:\/\/praxis-proportional.de\/wp-json\/wp\/v2\/pages\/5145\/revisions\/7817"}],"wp:attachment":[{"href":"https:\/\/praxis-proportional.de\/wp-json\/wp\/v2\/media?parent=5145"}],"curies":[{"name":"wp","href":"https:\/\/api.w.org\/{rel}","templated":true}]}}