{"id":8228,"date":"2025-11-13T14:33:57","date_gmt":"2025-11-13T13:33:57","guid":{"rendered":"https:\/\/praxis-proportional.de\/?page_id=8228"},"modified":"2026-03-30T10:54:56","modified_gmt":"2026-03-30T08:54:56","slug":"trypophobie","status":"publish","type":"page","link":"https:\/\/praxis-proportional.de\/hypnose-frankfurt\/phobien\/trypophobie\/","title":{"rendered":"Trypophobie &#8211; Ekel vor Mustern"},"content":{"rendered":"\t\t<div data-elementor-type=\"wp-page\" data-elementor-id=\"8228\" class=\"elementor elementor-8228\" data-elementor-post-type=\"page\">\n\t\t\t\t\t\t<section class=\"elementor-section elementor-top-section elementor-element elementor-element-ddabd39 elementor-section-boxed elementor-section-height-default elementor-section-height-default\" data-id=\"ddabd39\" data-element_type=\"section\" data-e-type=\"section\">\n\t\t\t\t\t\t<div class=\"elementor-container elementor-column-gap-default\">\n\t\t\t\t\t<div class=\"elementor-column elementor-col-100 elementor-top-column elementor-element elementor-element-7c3aa80\" data-id=\"7c3aa80\" data-element_type=\"column\" data-e-type=\"column\">\n\t\t\t<div class=\"elementor-widget-wrap elementor-element-populated\">\n\t\t\t\t\t\t<div class=\"elementor-element elementor-element-528f282 elementor-widget elementor-widget-heading\" data-id=\"528f282\" data-element_type=\"widget\" data-e-type=\"widget\" data-widget_type=\"heading.default\">\n\t\t\t\t<div class=\"elementor-widget-container\">\n\t\t\t\t\t<h1 class=\"elementor-heading-title elementor-size-default\">Trypophobie behandeln mit Hypnose in Frankfurt<\/h1>\t\t\t\t<\/div>\n\t\t\t\t<\/div>\n\t\t\t\t\t<\/div>\n\t\t<\/div>\n\t\t\t\t\t<\/div>\n\t\t<\/section>\n\t\t\t\t<section class=\"elementor-section elementor-top-section elementor-element elementor-element-e6cafa1 elementor-section-boxed elementor-section-height-default elementor-section-height-default\" data-id=\"e6cafa1\" data-element_type=\"section\" data-e-type=\"section\">\n\t\t\t\t\t\t<div class=\"elementor-container elementor-column-gap-default\">\n\t\t\t\t\t<div class=\"elementor-column elementor-col-100 elementor-top-column elementor-element elementor-element-7028679\" data-id=\"7028679\" data-element_type=\"column\" data-e-type=\"column\">\n\t\t\t<div class=\"elementor-widget-wrap elementor-element-populated\">\n\t\t\t\t\t\t<div class=\"elementor-element elementor-element-70ed645 elementor-widget elementor-widget-text-editor\" data-id=\"70ed645\" data-element_type=\"widget\" data-e-type=\"widget\" data-widget_type=\"text-editor.default\">\n\t\t\t\t<div class=\"elementor-widget-container\">\n\t\t\t\t\t\t\t\t\t<h2><strong>Trypophobie \u2013 Mehr als nur Ekel<\/strong><\/h2><p><strong>Trypophobie<\/strong> ist eine spezifische Phobie, die durch den Anblick von Mustern aus kleinen, eng aneinander liegenden L\u00f6chern ausgel\u00f6st wird. F\u00fcr Betroffene ist die Reaktion weit mehr als nur ein leichtes Unbehagen. Sie k\u00f6nnen intensive Gef\u00fchle von Ekel, Angst oder sogar Panikattacken erleben. Obwohl die <strong>Trypophobie<\/strong> noch nicht in allen diagnostischen Manualen aufgef\u00fchrt ist, leiden viele Menschen unter den Symptomen. Die Ursache liegt oft in einer unbewussten, fehlgeleiteten Schutzreaktion, die tief im Unterbewusstsein verankert ist und harmlose Muster f\u00e4lschlicherweise als Bedrohung interpretiert.<br \/>In meiner Praxis f\u00fcr <a href=\"https:\/\/praxis-proportional.de\/hypnose-frankfurt\/\"><strong data-start=\"981\" data-end=\"1005\">Hypnose in Frankfurt<\/strong> <\/a>begleite ich Sie dabei, diese Angst nachhaltig zu \u00fcberwinden.<\/p><h2><strong>Wie ursachenaufl\u00f6sende Hypnotherapie helfen kann<\/strong><\/h2><p>Da die Reaktion auf trypophobe Muster eine tief im Unterbewusstsein verankerte, automatische Reaktion ist, setzt die ursachenaufl\u00f6sende <a href=\"https:\/\/praxis-proportional.de\/hypnose-frankfurt\/\">Hypnosetherapie<\/a> genau dort an. Im entspannten Zustand der hypnotischen Trance kann der bewusste, kritische Verstand umgangen werden, um direkt an der Wurzel des Problems zu arbeiten. Das Ziel der Behandlung ist es, die unbewusste Verkn\u00fcpfung zwischen dem visuellen Reiz und der negativen emotionalen Reaktion aufzul\u00f6sen. Anstatt nur beruhigende Suggestionen zu geben, wird die urspr\u00fcngliche Ursache f\u00fcr diese Fehlverkn\u00fcpfung gesucht und neutralisiert. Dadurch verliert der Anblick der Muster seine bedrohliche Wirkung auf eine nat\u00fcrliche und nachhaltige Weise.<\/p><h2><strong>Ein entspannter Umgang mit visuellen Reizen<\/strong><\/h2><p>Das Ziel der Hypnosetherapie bei <strong>Trypophobie<\/strong> ist es, Ihnen einen entspannten Alltag zu erm\u00f6glichen, indem die Ursache f\u00fcr die unkontrollierbare Reaktion beseitigt wird. Die Befreiung von dieser intensiven Belastung kann eine enorme Erleichterung darstellen. Wenn Sie unter <strong>Trypophobie<\/strong> leiden und nach einer effektiven Methode suchen, um dieses Problem an der Wurzel zu l\u00f6sen, kann die Hypnose eine vielversprechende L\u00f6sung sein. Gerne berate ich Sie pers\u00f6nlich. Vereinbaren Sie ein kostenloses 15-min\u00fctiges Informationsgespr\u00e4ch, um den ersten Schritt in ein unbeschwerteres Leben zu gehen.<\/p>\t\t\t\t\t\t\t\t<\/div>\n\t\t\t\t<\/div>\n\t\t\t\t\t<\/div>\n\t\t<\/div>\n\t\t\t\t\t<\/div>\n\t\t<\/section>\n\t\t\t\t<section class=\"elementor-section elementor-top-section elementor-element elementor-element-c7c49b5 elementor-section-boxed elementor-section-height-default elementor-section-height-default\" data-id=\"c7c49b5\" data-element_type=\"section\" data-e-type=\"section\">\n\t\t\t\t\t\t<div class=\"elementor-container elementor-column-gap-default\">\n\t\t\t\t\t<div class=\"elementor-column elementor-col-100 elementor-top-column elementor-element elementor-element-f28c549 elementor-hidden-mobile\" data-id=\"f28c549\" data-element_type=\"column\" data-e-type=\"column\">\n\t\t\t<div class=\"elementor-widget-wrap elementor-element-populated\">\n\t\t\t\t\t\t<div class=\"elementor-element elementor-element-8b3f9f1 elementor-hidden-mobile elementor-widget-divider--view-line elementor-widget elementor-widget-global elementor-global-2185 elementor-widget-divider\" data-id=\"8b3f9f1\" data-element_type=\"widget\" data-e-type=\"widget\" data-widget_type=\"divider.default\">\n\t\t\t\t<div class=\"elementor-widget-container\">\n\t\t\t\t\t\t\t<div class=\"elementor-divider\">\n\t\t\t<span class=\"elementor-divider-separator\">\n\t\t\t\t\t\t<\/span>\n\t\t<\/div>\n\t\t\t\t\t\t<\/div>\n\t\t\t\t<\/div>\n\t\t\t\t\t<\/div>\n\t\t<\/div>\n\t\t\t\t\t<\/div>\n\t\t<\/section>\n\t\t\t\t<section class=\"elementor-section elementor-top-section elementor-element elementor-element-44d59a9 elementor-section-boxed elementor-section-height-default elementor-section-height-default\" data-id=\"44d59a9\" data-element_type=\"section\" data-e-type=\"section\">\n\t\t\t\t\t\t<div class=\"elementor-container elementor-column-gap-default\">\n\t\t\t\t\t<div class=\"elementor-column elementor-col-100 elementor-top-column elementor-element elementor-element-30f6f00\" data-id=\"30f6f00\" data-element_type=\"column\" data-e-type=\"column\">\n\t\t\t<div class=\"elementor-widget-wrap elementor-element-populated\">\n\t\t\t\t\t\t<div class=\"elementor-element elementor-element-3cc49d0 elementor-align-center elementor-widget elementor-widget-global elementor-global-8274 elementor-widget-button\" data-id=\"3cc49d0\" data-element_type=\"widget\" data-e-type=\"widget\" data-widget_type=\"button.default\">\n\t\t\t\t<div class=\"elementor-widget-container\">\n\t\t\t\t\t\t\t\t\t<div class=\"elementor-button-wrapper\">\n\t\t\t\t\t<a class=\"elementor-button elementor-button-link elementor-size-sm\" href=\"https:\/\/bookme.name\/praxisproportional\/kostenloser-beratungstermin\" id=\"Hauptseite_Text\" target=\"_blank\" rel=\"noopener\">\n\t\t\t\t\t\t<span class=\"elementor-button-content-wrapper\">\n\t\t\t\t\t\t\t\t\t<span class=\"elementor-button-text\">Passt Hypnose zu meinem Anliegen? \u2192 <\/span>\n\t\t\t\t\t<\/span>\n\t\t\t\t\t<\/a>\n\t\t\t\t<\/div>\n\t\t\t\t\t\t\t\t<\/div>\n\t\t\t\t<\/div>\n\t\t\t\t\t<\/div>\n\t\t<\/div>\n\t\t\t\t\t<\/div>\n\t\t<\/section>\n\t\t\t\t<section class=\"elementor-section elementor-top-section elementor-element elementor-element-389f81b elementor-section-boxed elementor-section-height-default elementor-section-height-default\" data-id=\"389f81b\" data-element_type=\"section\" data-e-type=\"section\">\n\t\t\t\t\t\t<div class=\"elementor-container elementor-column-gap-default\">\n\t\t\t\t\t<div class=\"elementor-column elementor-col-100 elementor-top-column elementor-element elementor-element-358ec2c\" data-id=\"358ec2c\" data-element_type=\"column\" data-e-type=\"column\">\n\t\t\t<div class=\"elementor-widget-wrap elementor-element-populated\">\n\t\t\t\t\t\t<div class=\"elementor-element elementor-element-2bb8288 elementor-align-center elementor-widget elementor-widget-global elementor-global-8658 elementor-widget-button\" data-id=\"2bb8288\" data-element_type=\"widget\" data-e-type=\"widget\" data-widget_type=\"button.default\">\n\t\t\t\t<div class=\"elementor-widget-container\">\n\t\t\t\t\t\t\t\t\t<div class=\"elementor-button-wrapper\">\n\t\t\t\t\t<a class=\"elementor-button elementor-button-link elementor-size-sm\" href=\"tel:+496975934782\">\n\t\t\t\t\t\t<span class=\"elementor-button-content-wrapper\">\n\t\t\t\t\t\t<span class=\"elementor-button-icon\">\n\t\t\t\t<i aria-hidden=\"true\" class=\"fas fa-phone-volume\"><\/i>\t\t\t<\/span>\n\t\t\t\t\t\t\t\t\t<span class=\"elementor-button-text\">Jetzt unverbindlich anrufen<\/span>\n\t\t\t\t\t<\/span>\n\t\t\t\t\t<\/a>\n\t\t\t\t<\/div>\n\t\t\t\t\t\t\t\t<\/div>\n\t\t\t\t<\/div>\n\t\t\t\t\t<\/div>\n\t\t<\/div>\n\t\t\t\t\t<\/div>\n\t\t<\/section>\n\t\t\t\t<section class=\"elementor-section elementor-top-section elementor-element elementor-element-9a4ab84 elementor-section-boxed elementor-section-height-default elementor-section-height-default\" data-id=\"9a4ab84\" data-element_type=\"section\" data-e-type=\"section\">\n\t\t\t\t\t\t<div class=\"elementor-container elementor-column-gap-default\">\n\t\t\t\t\t<div class=\"elementor-column elementor-col-100 elementor-top-column elementor-element elementor-element-c0d6acd elementor-hidden-mobile\" data-id=\"c0d6acd\" data-element_type=\"column\" data-e-type=\"column\">\n\t\t\t<div class=\"elementor-widget-wrap elementor-element-populated\">\n\t\t\t\t\t\t<div class=\"elementor-element elementor-element-22c521b elementor-hidden-mobile elementor-widget-divider--view-line elementor-widget elementor-widget-global elementor-global-2185 elementor-widget-divider\" data-id=\"22c521b\" data-element_type=\"widget\" data-e-type=\"widget\" data-widget_type=\"divider.default\">\n\t\t\t\t<div class=\"elementor-widget-container\">\n\t\t\t\t\t\t\t<div class=\"elementor-divider\">\n\t\t\t<span class=\"elementor-divider-separator\">\n\t\t\t\t\t\t<\/span>\n\t\t<\/div>\n\t\t\t\t\t\t<\/div>\n\t\t\t\t<\/div>\n\t\t\t\t\t<\/div>\n\t\t<\/div>\n\t\t\t\t\t<\/div>\n\t\t<\/section>\n\t\t\t\t<section class=\"elementor-section elementor-top-section elementor-element elementor-element-760d1ea elementor-section-boxed elementor-section-height-default elementor-section-height-default\" data-id=\"760d1ea\" data-element_type=\"section\" data-e-type=\"section\">\n\t\t\t\t\t\t<div class=\"elementor-container elementor-column-gap-default\">\n\t\t\t\t\t<div class=\"elementor-column elementor-col-100 elementor-top-column elementor-element elementor-element-6e265d1\" data-id=\"6e265d1\" data-element_type=\"column\" data-e-type=\"column\">\n\t\t\t<div class=\"elementor-widget-wrap elementor-element-populated\">\n\t\t\t\t\t\t<div class=\"elementor-element elementor-element-2f5bda6 elementor-widget elementor-widget-text-editor\" data-id=\"2f5bda6\" data-element_type=\"widget\" data-e-type=\"widget\" data-widget_type=\"text-editor.default\">\n\t\t\t\t<div class=\"elementor-widget-container\">\n\t\t\t\t\t\t\t\t\t<p>Zu den h\u00e4ufig gestellten Fragen FAQ :\u00a0<\/p>\t\t\t\t\t\t\t\t<\/div>\n\t\t\t\t<\/div>\n\t\t\t\t<div class=\"elementor-element elementor-element-d2b5eb2 elementor-align-center elementor-widget elementor-widget-button\" data-id=\"d2b5eb2\" data-element_type=\"widget\" data-e-type=\"widget\" data-widget_type=\"button.default\">\n\t\t\t\t<div class=\"elementor-widget-container\">\n\t\t\t\t\t\t\t\t\t<div class=\"elementor-button-wrapper\">\n\t\t\t\t\t<a class=\"elementor-button elementor-button-link elementor-size-sm\" href=\"https:\/\/praxis-proportional.de\/hypnose-frankfurt\/#FAQ\">\n\t\t\t\t\t\t<span class=\"elementor-button-content-wrapper\">\n\t\t\t\t\t\t<span class=\"elementor-button-icon\">\n\t\t\t\t<i aria-hidden=\"true\" class=\"fas fa-arrow-circle-right\"><\/i>\t\t\t<\/span>\n\t\t\t\t\t\t\t\t\t<span class=\"elementor-button-text\">FAQ<\/span>\n\t\t\t\t\t<\/span>\n\t\t\t\t\t<\/a>\n\t\t\t\t<\/div>\n\t\t\t\t\t\t\t\t<\/div>\n\t\t\t\t<\/div>\n\t\t\t\t\t<\/div>\n\t\t<\/div>\n\t\t\t\t\t<\/div>\n\t\t<\/section>\n\t\t\t\t<section class=\"elementor-section elementor-top-section elementor-element elementor-element-7b84fb2 elementor-section-boxed elementor-section-height-default elementor-section-height-default\" data-id=\"7b84fb2\" data-element_type=\"section\" data-e-type=\"section\">\n\t\t\t\t\t\t<div class=\"elementor-container elementor-column-gap-default\">\n\t\t\t\t\t<div class=\"elementor-column elementor-col-100 elementor-top-column elementor-element elementor-element-77855b8\" data-id=\"77855b8\" data-element_type=\"column\" data-e-type=\"column\">\n\t\t\t<div class=\"elementor-widget-wrap elementor-element-populated\">\n\t\t\t\t\t\t<div class=\"elementor-element elementor-element-bbf3f76 elementor-hidden-mobile elementor-widget-divider--view-line elementor-widget elementor-widget-global elementor-global-2185 elementor-widget-divider\" data-id=\"bbf3f76\" data-element_type=\"widget\" data-e-type=\"widget\" data-widget_type=\"divider.default\">\n\t\t\t\t<div class=\"elementor-widget-container\">\n\t\t\t\t\t\t\t<div class=\"elementor-divider\">\n\t\t\t<span class=\"elementor-divider-separator\">\n\t\t\t\t\t\t<\/span>\n\t\t<\/div>\n\t\t\t\t\t\t<\/div>\n\t\t\t\t<\/div>\n\t\t\t\t\t<\/div>\n\t\t<\/div>\n\t\t\t\t\t<\/div>\n\t\t<\/section>\n\t\t\t\t<section class=\"elementor-section elementor-top-section elementor-element elementor-element-be1faad elementor-section-boxed elementor-section-height-default elementor-section-height-default\" data-id=\"be1faad\" data-element_type=\"section\" data-e-type=\"section\">\n\t\t\t\t\t\t<div class=\"elementor-container elementor-column-gap-default\">\n\t\t\t\t\t<div class=\"elementor-column elementor-col-33 elementor-top-column elementor-element elementor-element-38549a5\" data-id=\"38549a5\" data-element_type=\"column\" data-e-type=\"column\">\n\t\t\t<div class=\"elementor-widget-wrap elementor-element-populated\">\n\t\t\t\t\t\t<div class=\"elementor-element elementor-element-77c847e elementor-widget elementor-widget-image\" data-id=\"77c847e\" data-element_type=\"widget\" data-e-type=\"widget\" data-widget_type=\"image.default\">\n\t\t\t\t<div class=\"elementor-widget-container\">\n\t\t\t\t\t\t\t\t\t\t\t\t\t\t\t<img decoding=\"async\" width=\"150\" height=\"150\" src=\"https:\/\/praxis-proportional.de\/wp-content\/uploads\/2024\/11\/Christoph-Schrage300x300-1-150x150.jpg\" class=\"attachment-thumbnail size-thumbnail wp-image-6625\" alt=\"Bild von Hypnose &amp; Hypnosetherapie Christoph Schrage\" \/>\t\t\t\t\t\t\t\t\t\t\t\t\t\t\t<\/div>\n\t\t\t\t<\/div>\n\t\t\t\t<div class=\"elementor-element elementor-element-63e8f45 elementor-widget elementor-widget-text-editor\" data-id=\"63e8f45\" data-element_type=\"widget\" data-e-type=\"widget\" data-widget_type=\"text-editor.default\">\n\t\t\t\t<div class=\"elementor-widget-container\">\n\t\t\t\t\t\t\t\t\t<p>Christoph Schrage<\/p>\n<p>&#8211; Heilpraktiker &amp; Hypnosetherapeut<\/p>\t\t\t\t\t\t\t\t<\/div>\n\t\t\t\t<\/div>\n\t\t\t\t\t<\/div>\n\t\t<\/div>\n\t\t\t\t<div class=\"elementor-column elementor-col-33 elementor-top-column elementor-element elementor-element-def0b19\" data-id=\"def0b19\" data-element_type=\"column\" data-e-type=\"column\">\n\t\t\t<div class=\"elementor-widget-wrap elementor-element-populated\">\n\t\t\t\t\t\t<div class=\"elementor-element elementor-element-cb4456e elementor-widget elementor-widget-heading\" data-id=\"cb4456e\" data-element_type=\"widget\" data-e-type=\"widget\" data-widget_type=\"heading.default\">\n\t\t\t\t<div class=\"elementor-widget-container\">\n\t\t\t\t\t<h2 class=\"elementor-heading-title elementor-size-default\">Praxis f\u00fcr Hypnose in Frankfurt gegen Trypophobie : Praxis Proportional<\/h2>\t\t\t\t<\/div>\n\t\t\t\t<\/div>\n\t\t\t\t<div class=\"elementor-element elementor-element-5a1ec69 elementor-widget elementor-widget-text-editor\" data-id=\"5a1ec69\" data-element_type=\"widget\" data-e-type=\"widget\" data-widget_type=\"text-editor.default\">\n\t\t\t\t<div class=\"elementor-widget-container\">\n\t\t\t\t\t\t\t\t\t<p>In der Praxis Proportional im Herzen von Frankfurt werden Ihnen verschiedene Hypnosetherapien zu unterschiedlichen Indikationen angeboten. Die Behandlungsmethoden sind individuell abgestimmt, gehen von einer ganzheitlichen Betrachtung aus und sind ergebnisorientiert.<\/p><p>\u00a0<\/p><p>Vereinbaren Sie ein kostenloses telefonisches Erstgespr\u00e4ch, in dem wir uns kennenlernen, alle Ihre Fragen kl\u00e4ren, gemeinsam diskutieren, wie ich Ihnen helfen kann und das weitere Vorgehen festlegen k\u00f6nnen.<\/p>\t\t\t\t\t\t\t\t<\/div>\n\t\t\t\t<\/div>\n\t\t\t\t<div class=\"elementor-element elementor-element-d61a148 elementor-align-center elementor-widget elementor-widget-button\" data-id=\"d61a148\" data-element_type=\"widget\" data-e-type=\"widget\" data-widget_type=\"button.default\">\n\t\t\t\t<div class=\"elementor-widget-container\">\n\t\t\t\t\t\t\t\t\t<div class=\"elementor-button-wrapper\">\n\t\t\t\t\t<a class=\"elementor-button elementor-button-link elementor-size-md\" href=\"https:\/\/bookme.name\/praxisproportional\/kostenloser-beratungstermin\" target=\"_blank\" rel=\"noopener\">\n\t\t\t\t\t\t<span class=\"elementor-button-content-wrapper\">\n\t\t\t\t\t\t\t\t\t<span class=\"elementor-button-text\">Buchen Sie Ihr kostenfreies Erstgespr\u00e4ch<\/span>\n\t\t\t\t\t<\/span>\n\t\t\t\t\t<\/a>\n\t\t\t\t<\/div>\n\t\t\t\t\t\t\t\t<\/div>\n\t\t\t\t<\/div>\n\t\t\t\t\t<\/div>\n\t\t<\/div>\n\t\t\t\t<div class=\"elementor-column elementor-col-33 elementor-top-column elementor-element elementor-element-b0fdf87\" data-id=\"b0fdf87\" data-element_type=\"column\" data-e-type=\"column\">\n\t\t\t<div class=\"elementor-widget-wrap elementor-element-populated\">\n\t\t\t\t\t\t<div class=\"elementor-element elementor-element-2de2ea9 elementor-widget elementor-widget-image\" data-id=\"2de2ea9\" data-element_type=\"widget\" data-e-type=\"widget\" data-widget_type=\"image.default\">\n\t\t\t\t<div class=\"elementor-widget-container\">\n\t\t\t\t\t\t\t\t\t\t\t\t\t\t\t<img decoding=\"async\" width=\"300\" height=\"124\" src=\"https:\/\/praxis-proportional.de\/wp-content\/uploads\/2023\/06\/Logo_hell-300x124.png\" class=\"attachment-medium size-medium wp-image-3346\" alt=\"Logo von Praxis Proportional\" srcset=\"https:\/\/praxis-proportional.de\/wp-content\/uploads\/2023\/06\/Logo_hell-300x124.png 300w, https:\/\/praxis-proportional.de\/wp-content\/uploads\/2023\/06\/Logo_hell-1024x424.png 1024w, https:\/\/praxis-proportional.de\/wp-content\/uploads\/2023\/06\/Logo_hell-768x318.png 768w, https:\/\/praxis-proportional.de\/wp-content\/uploads\/2023\/06\/Logo_hell-1536x636.png 1536w, https:\/\/praxis-proportional.de\/wp-content\/uploads\/2023\/06\/Logo_hell-2048x848.png 2048w, https:\/\/praxis-proportional.de\/wp-content\/uploads\/2023\/06\/elementor\/thumbs\/Logo_hell-q9livkpt218mc65ulepjbp70y9v73t4p96npwcswao.png 77w\" sizes=\"(max-width: 300px) 100vw, 300px\" \/>\t\t\t\t\t\t\t\t\t\t\t\t\t\t\t<\/div>\n\t\t\t\t<\/div>\n\t\t\t\t\t<\/div>\n\t\t<\/div>\n\t\t\t\t\t<\/div>\n\t\t<\/section>\n\t\t\t\t<section class=\"elementor-section elementor-top-section elementor-element elementor-element-fd472de elementor-section-boxed elementor-section-height-default elementor-section-height-default\" data-id=\"fd472de\" data-element_type=\"section\" data-e-type=\"section\">\n\t\t\t\t\t\t<div class=\"elementor-container elementor-column-gap-default\">\n\t\t\t\t\t<div class=\"elementor-column elementor-col-100 elementor-top-column elementor-element elementor-element-35193cb\" data-id=\"35193cb\" data-element_type=\"column\" data-e-type=\"column\">\n\t\t\t<div class=\"elementor-widget-wrap elementor-element-populated\">\n\t\t\t\t\t\t<div class=\"elementor-element elementor-element-b5841cf elementor-hidden-mobile elementor-widget-divider--view-line elementor-widget elementor-widget-global elementor-global-2185 elementor-widget-divider\" data-id=\"b5841cf\" data-element_type=\"widget\" data-e-type=\"widget\" data-widget_type=\"divider.default\">\n\t\t\t\t<div class=\"elementor-widget-container\">\n\t\t\t\t\t\t\t<div class=\"elementor-divider\">\n\t\t\t<span class=\"elementor-divider-separator\">\n\t\t\t\t\t\t<\/span>\n\t\t<\/div>\n\t\t\t\t\t\t<\/div>\n\t\t\t\t<\/div>\n\t\t\t\t\t<\/div>\n\t\t<\/div>\n\t\t\t\t\t<\/div>\n\t\t<\/section>\n\t\t\t\t<\/div>\n\t\t","protected":false},"excerpt":{"rendered":"<p>Trypophobie behandeln mit Hypnose in Frankfurt Trypophobie \u2013 Mehr als nur Ekel Trypophobie ist eine spezifische Phobie, die durch den Anblick von Mustern aus kleinen, eng aneinander liegenden L\u00f6chern ausgel\u00f6st wird. F\u00fcr Betroffene ist die Reaktion weit mehr als nur ein leichtes Unbehagen. Sie k\u00f6nnen intensive Gef\u00fchle von Ekel, Angst oder sogar Panikattacken erleben. Obwohl [&hellip;]<\/p>\n","protected":false},"author":1,"featured_media":0,"parent":463,"menu_order":0,"comment_status":"closed","ping_status":"closed","template":"","meta":{"footnotes":""},"class_list":["post-8228","page","type-page","status-publish","hentry"],"_links":{"self":[{"href":"https:\/\/praxis-proportional.de\/wp-json\/wp\/v2\/pages\/8228","targetHints":{"allow":["GET"]}}],"collection":[{"href":"https:\/\/praxis-proportional.de\/wp-json\/wp\/v2\/pages"}],"about":[{"href":"https:\/\/praxis-proportional.de\/wp-json\/wp\/v2\/types\/page"}],"author":[{"embeddable":true,"href":"https:\/\/praxis-proportional.de\/wp-json\/wp\/v2\/users\/1"}],"replies":[{"embeddable":true,"href":"https:\/\/praxis-proportional.de\/wp-json\/wp\/v2\/comments?post=8228"}],"version-history":[{"count":23,"href":"https:\/\/praxis-proportional.de\/wp-json\/wp\/v2\/pages\/8228\/revisions"}],"predecessor-version":[{"id":8745,"href":"https:\/\/praxis-proportional.de\/wp-json\/wp\/v2\/pages\/8228\/revisions\/8745"}],"up":[{"embeddable":true,"href":"https:\/\/praxis-proportional.de\/wp-json\/wp\/v2\/pages\/463"}],"wp:attachment":[{"href":"https:\/\/praxis-proportional.de\/wp-json\/wp\/v2\/media?parent=8228"}],"curies":[{"name":"wp","href":"https:\/\/api.w.org\/{rel}","templated":true}]}}